{"id":3485,"date":"2025-11-03T17:23:51","date_gmt":"2025-11-03T16:23:51","guid":{"rendered":"https:\/\/www.3dprintrg.sk\/?post_type=product&#038;p=3485"},"modified":"2025-11-03T17:23:52","modified_gmt":"2025-11-03T16:23:52","slug":"dievcenske-zapichy","status":"publish","type":"product","link":"https:\/\/www.3dprintrg.sk\/cz\/produkt\/dievcenske-zapichy\/","title":{"rendered":"Diev\u010densk\u00e9 z\u00e1pichy"},"content":{"rendered":"<p>Diev\u010densk\u00e9 papierov\u00e9 z\u00e1pichy ako set <\/p>","protected":false},"excerpt":{"rendered":"<p>Diev\u010densk\u00e9 papierov\u00e9 z\u00e1pichy ako set <\/p>","protected":false},"featured_media":3486,"comment_status":"open","ping_status":"closed","template":"","meta":{"_et_pb_use_builder":"","_et_pb_old_content":"","_et_gb_content_width":"","iawp_total_views":9},"product_brand":[],"product_cat":[26],"product_tag":[572,571,570],"class_list":{"0":"post-3485","1":"product","2":"type-product","3":"status-publish","4":"has-post-thumbnail","6":"product_cat-papierove-zapichy","7":"product_tag-dievca","8":"product_tag-dievcenske-zapichy","9":"product_tag-papierove-zapichy","11":"first","12":"instock","13":"purchasable","14":"product-type-simple"},"jetpack_sharing_enabled":true,"_links":{"self":[{"href":"https:\/\/www.3dprintrg.sk\/cz\/wp-json\/wp\/v2\/product\/3485","targetHints":{"allow":["GET"]}}],"collection":[{"href":"https:\/\/www.3dprintrg.sk\/cz\/wp-json\/wp\/v2\/product"}],"about":[{"href":"https:\/\/www.3dprintrg.sk\/cz\/wp-json\/wp\/v2\/types\/product"}],"replies":[{"embeddable":true,"href":"https:\/\/www.3dprintrg.sk\/cz\/wp-json\/wp\/v2\/comments?post=3485"}],"wp:featuredmedia":[{"embeddable":true,"href":"https:\/\/www.3dprintrg.sk\/cz\/wp-json\/wp\/v2\/media\/3486"}],"wp:attachment":[{"href":"https:\/\/www.3dprintrg.sk\/cz\/wp-json\/wp\/v2\/media?parent=3485"}],"wp:term":[{"taxonomy":"product_brand","embeddable":true,"href":"https:\/\/www.3dprintrg.sk\/cz\/wp-json\/wp\/v2\/product_brand?post=3485"},{"taxonomy":"product_cat","embeddable":true,"href":"https:\/\/www.3dprintrg.sk\/cz\/wp-json\/wp\/v2\/product_cat?post=3485"},{"taxonomy":"product_tag","embeddable":true,"href":"https:\/\/www.3dprintrg.sk\/cz\/wp-json\/wp\/v2\/product_tag?post=3485"}],"curies":[{"name":"wp","href":"https:\/\/api.w.org\/{rel}","templated":true}]}}