{"id":3504,"date":"2025-11-04T22:57:45","date_gmt":"2025-11-04T21:57:45","guid":{"rendered":"https:\/\/www.3dprintrg.sk\/?post_type=product&#038;p=3504"},"modified":"2025-11-04T22:57:46","modified_gmt":"2025-11-04T21:57:46","slug":"macko-sediaci-na-mesiaciku","status":"publish","type":"product","link":"https:\/\/www.3dprintrg.sk\/cz\/produkt\/macko-sediaci-na-mesiaciku\/","title":{"rendered":"Macko sediaci na mesia\u010diku"},"content":{"rendered":"<p>3D dekor\u00e1cia mac\u00edka sediaceho na mesia\u010diku s obla\u010dikmi <\/p>\n<p>Rozmer 14 cm <\/p>\n<p>Dekor\u00e1cia je vyroben\u00e1 z PLA plastu,plast je vyroben\u00fd z obnovite\u013en\u00fdch zdrojov, ako je kukuri\u010dn\u00fd \u0161krob, cukrov\u00e1 trstina alebo zemiakov\u00fd \u0161krob,PLA plast je netoxick\u00fd a bezpe\u010dn\u00fd na styk s potravinami.<\/p>","protected":false},"excerpt":{"rendered":"<p>3D dekor\u00e1cia mac\u00edka sediaceho na mesia\u010diku s obla\u010dikmi <\/p>\n<p>Rozmer 14 cm <\/p>","protected":false},"featured_media":3507,"comment_status":"open","ping_status":"closed","template":"","meta":{"_et_pb_use_builder":"","_et_pb_old_content":"","_et_gb_content_width":"","iawp_total_views":25},"product_brand":[],"product_cat":[77],"product_tag":[355,503,502,576,577,333],"class_list":{"0":"post-3504","1":"product","2":"type-product","3":"status-publish","4":"has-post-thumbnail","6":"product_cat-rozne","7":"product_tag-dekoracia","8":"product_tag-macik","9":"product_tag-macko","10":"product_tag-medvedik","11":"product_tag-mesiac","12":"product_tag-oblaky","14":"first","15":"instock","16":"purchasable","17":"product-type-variable"},"jetpack_sharing_enabled":true,"_links":{"self":[{"href":"https:\/\/www.3dprintrg.sk\/cz\/wp-json\/wp\/v2\/product\/3504","targetHints":{"allow":["GET"]}}],"collection":[{"href":"https:\/\/www.3dprintrg.sk\/cz\/wp-json\/wp\/v2\/product"}],"about":[{"href":"https:\/\/www.3dprintrg.sk\/cz\/wp-json\/wp\/v2\/types\/product"}],"replies":[{"embeddable":true,"href":"https:\/\/www.3dprintrg.sk\/cz\/wp-json\/wp\/v2\/comments?post=3504"}],"wp:featuredmedia":[{"embeddable":true,"href":"https:\/\/www.3dprintrg.sk\/cz\/wp-json\/wp\/v2\/media\/3507"}],"wp:attachment":[{"href":"https:\/\/www.3dprintrg.sk\/cz\/wp-json\/wp\/v2\/media?parent=3504"}],"wp:term":[{"taxonomy":"product_brand","embeddable":true,"href":"https:\/\/www.3dprintrg.sk\/cz\/wp-json\/wp\/v2\/product_brand?post=3504"},{"taxonomy":"product_cat","embeddable":true,"href":"https:\/\/www.3dprintrg.sk\/cz\/wp-json\/wp\/v2\/product_cat?post=3504"},{"taxonomy":"product_tag","embeddable":true,"href":"https:\/\/www.3dprintrg.sk\/cz\/wp-json\/wp\/v2\/product_tag?post=3504"}],"curies":[{"name":"wp","href":"https:\/\/api.w.org\/{rel}","templated":true}]}}