{"id":3511,"date":"2025-11-06T21:35:26","date_gmt":"2025-11-06T20:35:26","guid":{"rendered":"https:\/\/www.3dprintrg.sk\/?post_type=product&#038;p=3511"},"modified":"2025-11-06T21:35:28","modified_gmt":"2025-11-06T20:35:28","slug":"cierna-bublie-vaza","status":"publish","type":"product","link":"https:\/\/www.3dprintrg.sk\/cz\/produkt\/cierna-bublie-vaza\/","title":{"rendered":"\u010cierna BUBLIE v\u00e1za"},"content":{"rendered":"<p>BUBLIE dekora\u010dn\u00e1 v\u00e1za v krasne trblietavej \u010diernej farbe<br \/>\nV\u00e1za je vysok\u00e1 20,5 cm<\/p>\n<p>Do pozn\u00e1mky uvedte ak si \u017eel\u00e1te in\u00fa farbu ako je \u010dierna.<\/p>","protected":false},"excerpt":{"rendered":"<p>BUBLIE dekora\u010dn\u00e1 v\u00e1za v krasne trblietavej \u010diernej farbe<br \/>\nV\u00e1za je vysok\u00e1 20,5 cm<\/p>\n<p>Do pozn\u00e1mky uvedte ak si \u017eel\u00e1te in\u00fa farbu ako je \u010dierna.<\/p>","protected":false},"featured_media":3512,"comment_status":"open","ping_status":"closed","template":"","meta":{"_et_pb_use_builder":"","_et_pb_old_content":"","_et_gb_content_width":"","iawp_total_views":10},"product_brand":[],"product_cat":[44,31],"product_tag":[578,355,228],"class_list":{"0":"post-3511","1":"product","2":"type-product","3":"status-publish","4":"has-post-thumbnail","6":"product_cat-vazy","7":"product_cat-dekoracie","8":"product_tag-bublinkova-vaza","9":"product_tag-dekoracia","10":"product_tag-vaza","11":"wcpa_has_options","13":"first","14":"instock","15":"sale","16":"purchasable","17":"product-type-simple"},"jetpack_sharing_enabled":true,"_links":{"self":[{"href":"https:\/\/www.3dprintrg.sk\/cz\/wp-json\/wp\/v2\/product\/3511","targetHints":{"allow":["GET"]}}],"collection":[{"href":"https:\/\/www.3dprintrg.sk\/cz\/wp-json\/wp\/v2\/product"}],"about":[{"href":"https:\/\/www.3dprintrg.sk\/cz\/wp-json\/wp\/v2\/types\/product"}],"replies":[{"embeddable":true,"href":"https:\/\/www.3dprintrg.sk\/cz\/wp-json\/wp\/v2\/comments?post=3511"}],"wp:featuredmedia":[{"embeddable":true,"href":"https:\/\/www.3dprintrg.sk\/cz\/wp-json\/wp\/v2\/media\/3512"}],"wp:attachment":[{"href":"https:\/\/www.3dprintrg.sk\/cz\/wp-json\/wp\/v2\/media?parent=3511"}],"wp:term":[{"taxonomy":"product_brand","embeddable":true,"href":"https:\/\/www.3dprintrg.sk\/cz\/wp-json\/wp\/v2\/product_brand?post=3511"},{"taxonomy":"product_cat","embeddable":true,"href":"https:\/\/www.3dprintrg.sk\/cz\/wp-json\/wp\/v2\/product_cat?post=3511"},{"taxonomy":"product_tag","embeddable":true,"href":"https:\/\/www.3dprintrg.sk\/cz\/wp-json\/wp\/v2\/product_tag?post=3511"}],"curies":[{"name":"wp","href":"https:\/\/api.w.org\/{rel}","templated":true}]}}