{"id":3518,"date":"2025-11-07T09:42:04","date_gmt":"2025-11-07T08:42:04","guid":{"rendered":"https:\/\/www.3dprintrg.sk\/?post_type=product&#038;p=3518"},"modified":"2025-11-07T09:42:06","modified_gmt":"2025-11-07T08:42:06","slug":"papierova-taska-na-mikulasa-mala","status":"publish","type":"product","link":"https:\/\/www.3dprintrg.sk\/cz\/produkt\/papierova-taska-na-mikulasa-mala\/","title":{"rendered":"Papierov\u00e1 ta\u0161ka na Mikul\u00e1\u0161a mal\u00e1"},"content":{"rendered":"<p>Papierov\u00e1 ta\u0161ka s obr\u00e1zkom a menom na Mikul\u00e1\u0161a<br \/>\nDo pozn\u00e1mky uvedte meno a m\u00f4\u017eete si vlo\u017ei\u0165 aj obr\u00e1zok ktor\u00fd by ste si priali ma\u0165 na ta\u0161ke.<\/p>","protected":false},"excerpt":{"rendered":"<p>Papierov\u00e1 ta\u0161ka s obr\u00e1zkom a menom na Mikul\u00e1\u0161a<br \/>\nDo pozn\u00e1mky uvedte meno a m\u00f4\u017eete si vlo\u017ei\u0165 aj obr\u00e1zok ktor\u00fd by ste si priali ma\u0165 na ta\u0161ke.<\/p>\n<p>Rozmer 18*23.5cm<\/p>","protected":false},"featured_media":3520,"comment_status":"open","ping_status":"closed","template":"","meta":{"_et_pb_use_builder":"","_et_pb_old_content":"","_et_gb_content_width":"","iawp_total_views":4},"product_brand":[],"product_cat":[32],"product_tag":[538,477,581,537],"class_list":{"0":"post-3518","1":"product","2":"type-product","3":"status-publish","4":"has-post-thumbnail","6":"product_cat-vianocne-dekoracie","7":"product_tag-mikulas","8":"product_tag-taska","9":"product_tag-taska-na-mikulasa","10":"product_tag-vianoce","11":"wcpa_has_options","13":"first","14":"instock","15":"purchasable","16":"product-type-simple"},"jetpack_sharing_enabled":true,"_links":{"self":[{"href":"https:\/\/www.3dprintrg.sk\/cz\/wp-json\/wp\/v2\/product\/3518","targetHints":{"allow":["GET"]}}],"collection":[{"href":"https:\/\/www.3dprintrg.sk\/cz\/wp-json\/wp\/v2\/product"}],"about":[{"href":"https:\/\/www.3dprintrg.sk\/cz\/wp-json\/wp\/v2\/types\/product"}],"replies":[{"embeddable":true,"href":"https:\/\/www.3dprintrg.sk\/cz\/wp-json\/wp\/v2\/comments?post=3518"}],"wp:featuredmedia":[{"embeddable":true,"href":"https:\/\/www.3dprintrg.sk\/cz\/wp-json\/wp\/v2\/media\/3520"}],"wp:attachment":[{"href":"https:\/\/www.3dprintrg.sk\/cz\/wp-json\/wp\/v2\/media?parent=3518"}],"wp:term":[{"taxonomy":"product_brand","embeddable":true,"href":"https:\/\/www.3dprintrg.sk\/cz\/wp-json\/wp\/v2\/product_brand?post=3518"},{"taxonomy":"product_cat","embeddable":true,"href":"https:\/\/www.3dprintrg.sk\/cz\/wp-json\/wp\/v2\/product_cat?post=3518"},{"taxonomy":"product_tag","embeddable":true,"href":"https:\/\/www.3dprintrg.sk\/cz\/wp-json\/wp\/v2\/product_tag?post=3518"}],"curies":[{"name":"wp","href":"https:\/\/api.w.org\/{rel}","templated":true}]}}