{"id":3525,"date":"2025-11-13T20:48:36","date_gmt":"2025-11-13T19:48:36","guid":{"rendered":"https:\/\/www.3dprintrg.sk\/?post_type=product&#038;p=3525"},"modified":"2025-11-13T20:55:25","modified_gmt":"2025-11-13T19:55:25","slug":"zlate-akrylove-zrkadlove-srdiecka-6-ks","status":"publish","type":"product","link":"https:\/\/www.3dprintrg.sk\/cz\/produkt\/zlate-akrylove-zrkadlove-srdiecka-6-ks\/","title":{"rendered":"Zlat\u00e9 akrylove zrkadlov\u00e9 srdie\u010dka 6 ks"},"content":{"rendered":"<p>Zlat\u00e9 akrylove zrkadlov\u00e9 srdie\u010dka 6 ks<br \/>\nSrdie\u010dka ktor\u00e9 dodaj\u00fa na torte mal\u00fd detail<\/p>","protected":false},"excerpt":{"rendered":"<p>Zlat\u00e9 akrylove zrkadlov\u00e9 srdie\u010dka 6 ks<br \/>\nSrdie\u010dka ktor\u00e9 dodaj\u00fa na torte mal\u00fd detail<\/p>","protected":false},"featured_media":3526,"comment_status":"open","ping_status":"closed","template":"","meta":{"_et_pb_use_builder":"","_et_pb_old_content":"","_et_gb_content_width":"","iawp_total_views":8},"product_brand":[],"product_cat":[495],"product_tag":[582,561,103,583],"class_list":{"0":"post-3525","1":"product","2":"type-product","3":"status-publish","4":"has-post-thumbnail","6":"product_cat-zrkadlove-zapichy","7":"product_tag-akryl","8":"product_tag-srdce","9":"product_tag-srdiecko","10":"product_tag-zrkadlo","12":"first","13":"instock","14":"purchasable","15":"product-type-simple"},"jetpack_sharing_enabled":true,"_links":{"self":[{"href":"https:\/\/www.3dprintrg.sk\/cz\/wp-json\/wp\/v2\/product\/3525","targetHints":{"allow":["GET"]}}],"collection":[{"href":"https:\/\/www.3dprintrg.sk\/cz\/wp-json\/wp\/v2\/product"}],"about":[{"href":"https:\/\/www.3dprintrg.sk\/cz\/wp-json\/wp\/v2\/types\/product"}],"replies":[{"embeddable":true,"href":"https:\/\/www.3dprintrg.sk\/cz\/wp-json\/wp\/v2\/comments?post=3525"}],"wp:featuredmedia":[{"embeddable":true,"href":"https:\/\/www.3dprintrg.sk\/cz\/wp-json\/wp\/v2\/media\/3526"}],"wp:attachment":[{"href":"https:\/\/www.3dprintrg.sk\/cz\/wp-json\/wp\/v2\/media?parent=3525"}],"wp:term":[{"taxonomy":"product_brand","embeddable":true,"href":"https:\/\/www.3dprintrg.sk\/cz\/wp-json\/wp\/v2\/product_brand?post=3525"},{"taxonomy":"product_cat","embeddable":true,"href":"https:\/\/www.3dprintrg.sk\/cz\/wp-json\/wp\/v2\/product_cat?post=3525"},{"taxonomy":"product_tag","embeddable":true,"href":"https:\/\/www.3dprintrg.sk\/cz\/wp-json\/wp\/v2\/product_tag?post=3525"}],"curies":[{"name":"wp","href":"https:\/\/api.w.org\/{rel}","templated":true}]}}