{"id":3537,"date":"2025-11-18T10:33:17","date_gmt":"2025-11-18T09:33:17","guid":{"rendered":"https:\/\/www.3dprintrg.sk\/?post_type=product&#038;p=3537"},"modified":"2025-11-18T10:33:19","modified_gmt":"2025-11-18T09:33:19","slug":"zrkadlovy-zapich-dvojcislo","status":"publish","type":"product","link":"https:\/\/www.3dprintrg.sk\/cz\/produkt\/zrkadlovy-zapich-dvojcislo\/","title":{"rendered":"Zrkadlov\u00fd z\u00e1pich dvoj\u010d\u00edslo"},"content":{"rendered":"<p>Zlat\u00fd zrkadlov\u00fd z\u00e1pich dvoj\u010d\u00edslo<br \/>\nV\u00fd\u0161ka 7 cm <\/p>","protected":false},"excerpt":{"rendered":"<p>Zlat\u00fd zrkadlov\u00fd z\u00e1pich dvoj\u010d\u00edslo<br \/>\nV\u00fd\u0161ka 7 cm <\/p>","protected":false},"featured_media":3540,"comment_status":"open","ping_status":"closed","template":"","meta":{"_et_pb_use_builder":"","_et_pb_old_content":"","_et_gb_content_width":"","iawp_total_views":21},"product_brand":[],"product_cat":[495],"product_tag":[70,496],"class_list":{"0":"post-3537","1":"product","2":"type-product","3":"status-publish","4":"has-post-thumbnail","6":"product_cat-zrkadlove-zapichy","7":"product_tag-cislo","8":"product_tag-zrkadlovy-zapich","9":"wcpa_has_options","11":"first","12":"instock","13":"purchasable","14":"product-type-variable"},"jetpack_sharing_enabled":true,"_links":{"self":[{"href":"https:\/\/www.3dprintrg.sk\/cz\/wp-json\/wp\/v2\/product\/3537","targetHints":{"allow":["GET"]}}],"collection":[{"href":"https:\/\/www.3dprintrg.sk\/cz\/wp-json\/wp\/v2\/product"}],"about":[{"href":"https:\/\/www.3dprintrg.sk\/cz\/wp-json\/wp\/v2\/types\/product"}],"replies":[{"embeddable":true,"href":"https:\/\/www.3dprintrg.sk\/cz\/wp-json\/wp\/v2\/comments?post=3537"}],"wp:featuredmedia":[{"embeddable":true,"href":"https:\/\/www.3dprintrg.sk\/cz\/wp-json\/wp\/v2\/media\/3540"}],"wp:attachment":[{"href":"https:\/\/www.3dprintrg.sk\/cz\/wp-json\/wp\/v2\/media?parent=3537"}],"wp:term":[{"taxonomy":"product_brand","embeddable":true,"href":"https:\/\/www.3dprintrg.sk\/cz\/wp-json\/wp\/v2\/product_brand?post=3537"},{"taxonomy":"product_cat","embeddable":true,"href":"https:\/\/www.3dprintrg.sk\/cz\/wp-json\/wp\/v2\/product_cat?post=3537"},{"taxonomy":"product_tag","embeddable":true,"href":"https:\/\/www.3dprintrg.sk\/cz\/wp-json\/wp\/v2\/product_tag?post=3537"}],"curies":[{"name":"wp","href":"https:\/\/api.w.org\/{rel}","templated":true}]}}