{"id":3549,"date":"2025-11-26T18:56:23","date_gmt":"2025-11-26T17:56:23","guid":{"rendered":"https:\/\/www.3dprintrg.sk\/?post_type=product&#038;p=3549"},"modified":"2025-11-26T19:00:07","modified_gmt":"2025-11-26T18:00:07","slug":"vykrajovacka-stromcek","status":"publish","type":"product","link":"https:\/\/www.3dprintrg.sk\/cz\/produkt\/vykrajovacka-stromcek\/","title":{"rendered":"Vykrajova\u010dka strom\u010dek"},"content":{"rendered":"<p>Vykrajova\u010dka je vhodn\u00e1 na r\u00f4zne typy cesta, medovn\u00edkov\u00e9, su\u0161ienkov\u00e9, lineck\u00e9 ale aj na polym\u00e9rov\u00fa hmotu. S vykrajova\u010dkami r\u00f4znych tvarov posuniete svoje pe\u010denie na in\u00fd level a oh\u00farite svojich ma\u0161krtn\u00edkov origin\u00e1lnymi k\u00faskami.<\/p>\n<p>Vykrajova\u010dka nie je vhodn\u00e1 do um\u00fdva\u010dky riadu.<\/p>\n<p>V\u00fd\u0161ka 8 cm <\/p>\n<p>Dekor\u00e1cia je vyroben\u00e1 z PLA plastu,plast je vyroben\u00fd z obnovite\u013en\u00fdch zdrojov, ako je kukuri\u010dn\u00fd \u0161krob, cukrov\u00e1 trstina alebo zemiakov\u00fd \u0161krob,PLA plast je netoxick\u00fd a bezpe\u010dn\u00fd na styk s potravinami.<\/p>","protected":false},"excerpt":{"rendered":"<p>Vykrajova\u010dka je vhodn\u00e1 na r\u00f4zne typy cesta, medovn\u00edkov\u00e9, su\u0161ienkov\u00e9, lineck\u00e9 ale aj na polym\u00e9rov\u00fa hmotu. S vykrajova\u010dkami r\u00f4znych tvarov posuniete svoje pe\u010denie na in\u00fd level a oh\u00farite svojich ma\u0161krtn\u00edkov origin\u00e1lnymi k\u00faskami.<\/p>\n<p>Vykrajova\u010dka nie je vhodn\u00e1 do um\u00fdva\u010dky riadu.<\/p>\n<p>V\u00fd\u0161ka 8 cm <\/p>","protected":false},"featured_media":3553,"comment_status":"open","ping_status":"closed","template":"","meta":{"_et_pb_use_builder":"","_et_pb_old_content":"","_et_gb_content_width":"","iawp_total_views":8},"product_brand":[],"product_cat":[32,15],"product_tag":[532,74,587],"class_list":{"0":"post-3549","1":"product","2":"type-product","3":"status-publish","4":"has-post-thumbnail","6":"product_cat-vianocne-dekoracie","7":"product_cat-vykrajovacky","8":"product_tag-stromcek","9":"product_tag-vykrajovacka","10":"product_tag-vykrajovacka-stromcek","12":"first","13":"instock","14":"purchasable","15":"product-type-simple"},"jetpack_sharing_enabled":true,"_links":{"self":[{"href":"https:\/\/www.3dprintrg.sk\/cz\/wp-json\/wp\/v2\/product\/3549","targetHints":{"allow":["GET"]}}],"collection":[{"href":"https:\/\/www.3dprintrg.sk\/cz\/wp-json\/wp\/v2\/product"}],"about":[{"href":"https:\/\/www.3dprintrg.sk\/cz\/wp-json\/wp\/v2\/types\/product"}],"replies":[{"embeddable":true,"href":"https:\/\/www.3dprintrg.sk\/cz\/wp-json\/wp\/v2\/comments?post=3549"}],"wp:featuredmedia":[{"embeddable":true,"href":"https:\/\/www.3dprintrg.sk\/cz\/wp-json\/wp\/v2\/media\/3553"}],"wp:attachment":[{"href":"https:\/\/www.3dprintrg.sk\/cz\/wp-json\/wp\/v2\/media?parent=3549"}],"wp:term":[{"taxonomy":"product_brand","embeddable":true,"href":"https:\/\/www.3dprintrg.sk\/cz\/wp-json\/wp\/v2\/product_brand?post=3549"},{"taxonomy":"product_cat","embeddable":true,"href":"https:\/\/www.3dprintrg.sk\/cz\/wp-json\/wp\/v2\/product_cat?post=3549"},{"taxonomy":"product_tag","embeddable":true,"href":"https:\/\/www.3dprintrg.sk\/cz\/wp-json\/wp\/v2\/product_tag?post=3549"}],"curies":[{"name":"wp","href":"https:\/\/api.w.org\/{rel}","templated":true}]}}