{"id":3554,"date":"2025-11-26T19:05:17","date_gmt":"2025-11-26T18:05:17","guid":{"rendered":"https:\/\/www.3dprintrg.sk\/?post_type=product&#038;p=3554"},"modified":"2025-11-26T19:05:20","modified_gmt":"2025-11-26T18:05:20","slug":"forma-na-laskonky-hviezda","status":"publish","type":"product","link":"https:\/\/www.3dprintrg.sk\/cz\/produkt\/forma-na-laskonky-hviezda\/","title":{"rendered":"Forma na laskonky hviezda"},"content":{"rendered":"<p>Pou\u017eitie je ve\u013emi jednoduch\u00e9 &#8211; \u0161abl\u00f3nu polo\u017e\u00edte na plech vylo\u017een\u00fd papierom na pe\u010denie, rozotriete stierkou po \u0161abl\u00f3ne snehov\u00fa hmotu a formu opatrne zdvihnete &#8211; odklop\u00edte z plechu. Pomocou formy vytvor\u00edte 6 laskoniek.<\/p>\n<p>Rozmer hviezdy  je 6,5cm<\/p>\n<p>Forma je vyroben\u00e1 z PLA plastu,plast je vyroben\u00fd z obnovite\u013en\u00fdch zdrojov, ako je kukuri\u010dn\u00fd \u0161krob, cukrov\u00e1 trstina alebo zemiakov\u00fd \u0161krob,PLA plast je netoxick\u00fd a bezpe\u010dn\u00fd na styk s potravinami.<\/p>","protected":false},"excerpt":{"rendered":"<p>Pou\u017eitie je ve\u013emi jednoduch\u00e9 \u2013 \u0161abl\u00f3nu polo\u017e\u00edte na plech vylo\u017een\u00fd papierom na pe\u010denie, rozotriete stierkou po \u0161abl\u00f3ne snehov\u00fa hmotu a formu opatrne zdvihnete \u2013 odklop\u00edte z plechu. Pomocou formy vytvor\u00edte 6 laskoniek.<\/p>","protected":false},"featured_media":3555,"comment_status":"open","ping_status":"closed","template":"","meta":{"_et_pb_use_builder":"","_et_pb_old_content":"","_et_gb_content_width":"","iawp_total_views":16},"product_brand":[],"product_cat":[32,15],"product_tag":[588,259,589,586],"class_list":{"0":"post-3554","1":"product","2":"type-product","3":"status-publish","4":"has-post-thumbnail","6":"product_cat-vianocne-dekoracie","7":"product_cat-vykrajovacky","8":"product_tag-forma","9":"product_tag-forma-na-laskonky","10":"product_tag-hviezda","11":"product_tag-laskonky","13":"first","14":"instock","15":"purchasable","16":"product-type-simple"},"jetpack_sharing_enabled":true,"_links":{"self":[{"href":"https:\/\/www.3dprintrg.sk\/cz\/wp-json\/wp\/v2\/product\/3554","targetHints":{"allow":["GET"]}}],"collection":[{"href":"https:\/\/www.3dprintrg.sk\/cz\/wp-json\/wp\/v2\/product"}],"about":[{"href":"https:\/\/www.3dprintrg.sk\/cz\/wp-json\/wp\/v2\/types\/product"}],"replies":[{"embeddable":true,"href":"https:\/\/www.3dprintrg.sk\/cz\/wp-json\/wp\/v2\/comments?post=3554"}],"wp:featuredmedia":[{"embeddable":true,"href":"https:\/\/www.3dprintrg.sk\/cz\/wp-json\/wp\/v2\/media\/3555"}],"wp:attachment":[{"href":"https:\/\/www.3dprintrg.sk\/cz\/wp-json\/wp\/v2\/media?parent=3554"}],"wp:term":[{"taxonomy":"product_brand","embeddable":true,"href":"https:\/\/www.3dprintrg.sk\/cz\/wp-json\/wp\/v2\/product_brand?post=3554"},{"taxonomy":"product_cat","embeddable":true,"href":"https:\/\/www.3dprintrg.sk\/cz\/wp-json\/wp\/v2\/product_cat?post=3554"},{"taxonomy":"product_tag","embeddable":true,"href":"https:\/\/www.3dprintrg.sk\/cz\/wp-json\/wp\/v2\/product_tag?post=3554"}],"curies":[{"name":"wp","href":"https:\/\/api.w.org\/{rel}","templated":true}]}}