{"id":3558,"date":"2025-11-26T19:15:30","date_gmt":"2025-11-26T18:15:30","guid":{"rendered":"https:\/\/www.3dprintrg.sk\/?post_type=product&#038;p=3558"},"modified":"2025-11-26T19:15:32","modified_gmt":"2025-11-26T18:15:32","slug":"adventny-kalendar-2","status":"publish","type":"product","link":"https:\/\/www.3dprintrg.sk\/cz\/produkt\/adventny-kalendar-2\/","title":{"rendered":"Adventn\u00fd kalend\u00e1r"},"content":{"rendered":"<p>Adventn\u00fd kalend\u00e1r<br \/>\nPosunut\u00edm strom\u010deka ka\u017ed\u00fd de\u0148 sa pribli\u017eite k najkraj\u0161\u00edm sviatkom v roku<\/p>","protected":false},"excerpt":{"rendered":"<p>Adventn\u00fd kalend\u00e1r<br \/>\nPosunut\u00edm strom\u010deka ka\u017ed\u00fd de\u0148 sa pribli\u017eite k najkraj\u0161\u00edm sviatkom v roku<\/p>","protected":false},"featured_media":3559,"comment_status":"open","ping_status":"closed","template":"","meta":{"_et_pb_use_builder":"","_et_pb_old_content":"","_et_gb_content_width":"","iawp_total_views":6},"product_brand":[],"product_cat":[32],"product_tag":[535,558,537],"class_list":{"0":"post-3558","1":"product","2":"type-product","3":"status-publish","4":"has-post-thumbnail","6":"product_cat-vianocne-dekoracie","7":"product_tag-advent","8":"product_tag-kalendar","9":"product_tag-vianoce","11":"first","12":"instock","13":"purchasable","14":"product-type-simple"},"jetpack_sharing_enabled":true,"_links":{"self":[{"href":"https:\/\/www.3dprintrg.sk\/cz\/wp-json\/wp\/v2\/product\/3558","targetHints":{"allow":["GET"]}}],"collection":[{"href":"https:\/\/www.3dprintrg.sk\/cz\/wp-json\/wp\/v2\/product"}],"about":[{"href":"https:\/\/www.3dprintrg.sk\/cz\/wp-json\/wp\/v2\/types\/product"}],"replies":[{"embeddable":true,"href":"https:\/\/www.3dprintrg.sk\/cz\/wp-json\/wp\/v2\/comments?post=3558"}],"wp:featuredmedia":[{"embeddable":true,"href":"https:\/\/www.3dprintrg.sk\/cz\/wp-json\/wp\/v2\/media\/3559"}],"wp:attachment":[{"href":"https:\/\/www.3dprintrg.sk\/cz\/wp-json\/wp\/v2\/media?parent=3558"}],"wp:term":[{"taxonomy":"product_brand","embeddable":true,"href":"https:\/\/www.3dprintrg.sk\/cz\/wp-json\/wp\/v2\/product_brand?post=3558"},{"taxonomy":"product_cat","embeddable":true,"href":"https:\/\/www.3dprintrg.sk\/cz\/wp-json\/wp\/v2\/product_cat?post=3558"},{"taxonomy":"product_tag","embeddable":true,"href":"https:\/\/www.3dprintrg.sk\/cz\/wp-json\/wp\/v2\/product_tag?post=3558"}],"curies":[{"name":"wp","href":"https:\/\/api.w.org\/{rel}","templated":true}]}}