{"id":3576,"date":"2025-12-02T14:38:33","date_gmt":"2025-12-02T13:38:33","guid":{"rendered":"https:\/\/www.3dprintrg.sk\/?post_type=product&#038;p=3576"},"modified":"2025-12-02T14:39:56","modified_gmt":"2025-12-02T13:39:56","slug":"mickey-zapich","status":"publish","type":"product","link":"https:\/\/www.3dprintrg.sk\/cz\/produkt\/mickey-zapich\/","title":{"rendered":"Mickey z\u00e1pich"},"content":{"rendered":"<p>Mickey papierov\u00fd z\u00e1pich<br \/>\nV\u00fd\u0161ka 14,5cm<br \/>\nCena je za 1 ks. <\/p>","protected":false},"excerpt":{"rendered":"<p>Mickey papierov\u00fd z\u00e1pich<br \/>\nV\u00fd\u0161ka 14,5cm <\/p>","protected":false},"featured_media":3577,"comment_status":"open","ping_status":"closed","template":"","meta":{"_et_pb_use_builder":"","_et_pb_old_content":"","_et_gb_content_width":"","iawp_total_views":3},"product_brand":[],"product_cat":[26],"product_tag":[593],"class_list":{"0":"post-3576","1":"product","2":"type-product","3":"status-publish","4":"has-post-thumbnail","6":"product_cat-papierove-zapichy","7":"product_tag-mickey","9":"first","10":"instock","11":"purchasable","12":"product-type-simple"},"jetpack_sharing_enabled":true,"_links":{"self":[{"href":"https:\/\/www.3dprintrg.sk\/cz\/wp-json\/wp\/v2\/product\/3576","targetHints":{"allow":["GET"]}}],"collection":[{"href":"https:\/\/www.3dprintrg.sk\/cz\/wp-json\/wp\/v2\/product"}],"about":[{"href":"https:\/\/www.3dprintrg.sk\/cz\/wp-json\/wp\/v2\/types\/product"}],"replies":[{"embeddable":true,"href":"https:\/\/www.3dprintrg.sk\/cz\/wp-json\/wp\/v2\/comments?post=3576"}],"wp:featuredmedia":[{"embeddable":true,"href":"https:\/\/www.3dprintrg.sk\/cz\/wp-json\/wp\/v2\/media\/3577"}],"wp:attachment":[{"href":"https:\/\/www.3dprintrg.sk\/cz\/wp-json\/wp\/v2\/media?parent=3576"}],"wp:term":[{"taxonomy":"product_brand","embeddable":true,"href":"https:\/\/www.3dprintrg.sk\/cz\/wp-json\/wp\/v2\/product_brand?post=3576"},{"taxonomy":"product_cat","embeddable":true,"href":"https:\/\/www.3dprintrg.sk\/cz\/wp-json\/wp\/v2\/product_cat?post=3576"},{"taxonomy":"product_tag","embeddable":true,"href":"https:\/\/www.3dprintrg.sk\/cz\/wp-json\/wp\/v2\/product_tag?post=3576"}],"curies":[{"name":"wp","href":"https:\/\/api.w.org\/{rel}","templated":true}]}}