{"id":3579,"date":"2025-12-03T18:56:56","date_gmt":"2025-12-03T17:56:56","guid":{"rendered":"https:\/\/www.3dprintrg.sk\/?post_type=product&#038;p=3579"},"modified":"2025-12-03T18:56:57","modified_gmt":"2025-12-03T17:56:57","slug":"dekoracny-vianocny-stromcek","status":"publish","type":"product","link":"https:\/\/www.3dprintrg.sk\/cz\/produkt\/dekoracny-vianocny-stromcek\/","title":{"rendered":"Dekora\u010dn\u00fd viano\u010dn\u00fd strom\u010dek"},"content":{"rendered":"<p>Dekora\u010dn\u00fd viano\u010dn\u00fd strom\u010dek<br \/>\nV\u00fd\u0161ka cca 18 cm <\/p>\n<p>Do pozn\u00e1mky si nap\u00ed\u0161te ak si \u017eel\u00e1te in\u00fa farbu ako je biela <\/p>","protected":false},"excerpt":{"rendered":"<p>Dekora\u010dn\u00fd viano\u010dn\u00fd strom\u010dek<br \/>\nV\u00fd\u0161ka cca 18 cm <\/p>\n<p>Do pozn\u00e1mky si nap\u00ed\u0161te ak si \u017eel\u00e1te in\u00fa farbu ako je biela <\/p>","protected":false},"featured_media":3580,"comment_status":"open","ping_status":"closed","template":"","meta":{"_et_pb_use_builder":"","_et_pb_old_content":"","_et_gb_content_width":"","iawp_total_views":15},"product_brand":[],"product_cat":[32],"product_tag":[355,84,532,537],"class_list":{"0":"post-3579","1":"product","2":"type-product","3":"status-publish","4":"has-post-thumbnail","6":"product_cat-vianocne-dekoracie","7":"product_tag-dekoracia","8":"product_tag-strom","9":"product_tag-stromcek","10":"product_tag-vianoce","11":"wcpa_has_options","13":"first","14":"instock","15":"sale","16":"purchasable","17":"product-type-simple"},"jetpack_sharing_enabled":true,"_links":{"self":[{"href":"https:\/\/www.3dprintrg.sk\/cz\/wp-json\/wp\/v2\/product\/3579","targetHints":{"allow":["GET"]}}],"collection":[{"href":"https:\/\/www.3dprintrg.sk\/cz\/wp-json\/wp\/v2\/product"}],"about":[{"href":"https:\/\/www.3dprintrg.sk\/cz\/wp-json\/wp\/v2\/types\/product"}],"replies":[{"embeddable":true,"href":"https:\/\/www.3dprintrg.sk\/cz\/wp-json\/wp\/v2\/comments?post=3579"}],"wp:featuredmedia":[{"embeddable":true,"href":"https:\/\/www.3dprintrg.sk\/cz\/wp-json\/wp\/v2\/media\/3580"}],"wp:attachment":[{"href":"https:\/\/www.3dprintrg.sk\/cz\/wp-json\/wp\/v2\/media?parent=3579"}],"wp:term":[{"taxonomy":"product_brand","embeddable":true,"href":"https:\/\/www.3dprintrg.sk\/cz\/wp-json\/wp\/v2\/product_brand?post=3579"},{"taxonomy":"product_cat","embeddable":true,"href":"https:\/\/www.3dprintrg.sk\/cz\/wp-json\/wp\/v2\/product_cat?post=3579"},{"taxonomy":"product_tag","embeddable":true,"href":"https:\/\/www.3dprintrg.sk\/cz\/wp-json\/wp\/v2\/product_tag?post=3579"}],"curies":[{"name":"wp","href":"https:\/\/api.w.org\/{rel}","templated":true}]}}