{"id":3585,"date":"2025-12-05T19:23:56","date_gmt":"2025-12-05T18:23:56","guid":{"rendered":"https:\/\/www.3dprintrg.sk\/?post_type=product&#038;p=3585"},"modified":"2025-12-05T19:23:57","modified_gmt":"2025-12-05T18:23:57","slug":"vianocna-ozdoba-dvojfarebna","status":"publish","type":"product","link":"https:\/\/www.3dprintrg.sk\/cz\/produkt\/vianocna-ozdoba-dvojfarebna\/","title":{"rendered":"Viano\u010dn\u00e1 ozdoba dvojfarebn\u00e1"},"content":{"rendered":"<p>Viano\u010dn\u00e1 \u010derveno biela ozdoba na strom\u010dek<br \/>\nRozmer 7 cm <\/p>","protected":false},"excerpt":{"rendered":"<p>Viano\u010dn\u00e1 \u010derveno biela ozdoba na strom\u010dek<br \/>\nRozmer 7 cm <\/p>","protected":false},"featured_media":3586,"comment_status":"open","ping_status":"closed","template":"","meta":{"_et_pb_use_builder":"","_et_pb_old_content":"","_et_gb_content_width":"","iawp_total_views":5},"product_brand":[],"product_cat":[32],"product_tag":[425,531,537,427],"class_list":{"0":"post-3585","1":"product","2":"type-product","3":"status-publish","4":"has-post-thumbnail","6":"product_cat-vianocne-dekoracie","7":"product_tag-banka","8":"product_tag-ozdoba","9":"product_tag-vianoce","10":"product_tag-vianocna-ozdoba","12":"first","13":"instock","14":"purchasable","15":"product-type-simple"},"jetpack_sharing_enabled":true,"_links":{"self":[{"href":"https:\/\/www.3dprintrg.sk\/cz\/wp-json\/wp\/v2\/product\/3585","targetHints":{"allow":["GET"]}}],"collection":[{"href":"https:\/\/www.3dprintrg.sk\/cz\/wp-json\/wp\/v2\/product"}],"about":[{"href":"https:\/\/www.3dprintrg.sk\/cz\/wp-json\/wp\/v2\/types\/product"}],"replies":[{"embeddable":true,"href":"https:\/\/www.3dprintrg.sk\/cz\/wp-json\/wp\/v2\/comments?post=3585"}],"wp:featuredmedia":[{"embeddable":true,"href":"https:\/\/www.3dprintrg.sk\/cz\/wp-json\/wp\/v2\/media\/3586"}],"wp:attachment":[{"href":"https:\/\/www.3dprintrg.sk\/cz\/wp-json\/wp\/v2\/media?parent=3585"}],"wp:term":[{"taxonomy":"product_brand","embeddable":true,"href":"https:\/\/www.3dprintrg.sk\/cz\/wp-json\/wp\/v2\/product_brand?post=3585"},{"taxonomy":"product_cat","embeddable":true,"href":"https:\/\/www.3dprintrg.sk\/cz\/wp-json\/wp\/v2\/product_cat?post=3585"},{"taxonomy":"product_tag","embeddable":true,"href":"https:\/\/www.3dprintrg.sk\/cz\/wp-json\/wp\/v2\/product_tag?post=3585"}],"curies":[{"name":"wp","href":"https:\/\/api.w.org\/{rel}","templated":true}]}}