{"id":3588,"date":"2025-12-05T19:29:39","date_gmt":"2025-12-05T18:29:39","guid":{"rendered":"https:\/\/www.3dprintrg.sk\/?post_type=product&#038;p=3588"},"modified":"2025-12-05T19:29:41","modified_gmt":"2025-12-05T18:29:41","slug":"vianocna-ozdoba-obalka-santa-claus","status":"publish","type":"product","link":"https:\/\/www.3dprintrg.sk\/cz\/produkt\/vianocna-ozdoba-obalka-santa-claus\/","title":{"rendered":"Viano\u010dn\u00e1 ozdoba ob\u00e1lka Santa Claus"},"content":{"rendered":"<p>Viano\u010dn\u00e1 ozdoba ob\u00e1lka Santa Claus<br \/>\nRozmer 10cm <\/p>","protected":false},"excerpt":{"rendered":"<p>Viano\u010dn\u00e1 ozdoba ob\u00e1lka Santa Claus<br \/>\nRozmer 10cm <\/p>","protected":false},"featured_media":3589,"comment_status":"open","ping_status":"closed","template":"","meta":{"_et_pb_use_builder":"","_et_pb_old_content":"","_et_gb_content_width":"","iawp_total_views":3},"product_brand":[],"product_cat":[32],"product_tag":[531,594,537],"class_list":{"0":"post-3588","1":"product","2":"type-product","3":"status-publish","4":"has-post-thumbnail","6":"product_cat-vianocne-dekoracie","7":"product_tag-ozdoba","8":"product_tag-santa-claus","9":"product_tag-vianoce","11":"first","12":"instock","13":"purchasable","14":"product-type-simple"},"jetpack_sharing_enabled":true,"_links":{"self":[{"href":"https:\/\/www.3dprintrg.sk\/cz\/wp-json\/wp\/v2\/product\/3588","targetHints":{"allow":["GET"]}}],"collection":[{"href":"https:\/\/www.3dprintrg.sk\/cz\/wp-json\/wp\/v2\/product"}],"about":[{"href":"https:\/\/www.3dprintrg.sk\/cz\/wp-json\/wp\/v2\/types\/product"}],"replies":[{"embeddable":true,"href":"https:\/\/www.3dprintrg.sk\/cz\/wp-json\/wp\/v2\/comments?post=3588"}],"wp:featuredmedia":[{"embeddable":true,"href":"https:\/\/www.3dprintrg.sk\/cz\/wp-json\/wp\/v2\/media\/3589"}],"wp:attachment":[{"href":"https:\/\/www.3dprintrg.sk\/cz\/wp-json\/wp\/v2\/media?parent=3588"}],"wp:term":[{"taxonomy":"product_brand","embeddable":true,"href":"https:\/\/www.3dprintrg.sk\/cz\/wp-json\/wp\/v2\/product_brand?post=3588"},{"taxonomy":"product_cat","embeddable":true,"href":"https:\/\/www.3dprintrg.sk\/cz\/wp-json\/wp\/v2\/product_cat?post=3588"},{"taxonomy":"product_tag","embeddable":true,"href":"https:\/\/www.3dprintrg.sk\/cz\/wp-json\/wp\/v2\/product_tag?post=3588"}],"curies":[{"name":"wp","href":"https:\/\/api.w.org\/{rel}","templated":true}]}}