{"id":3591,"date":"2025-12-05T19:37:18","date_gmt":"2025-12-05T18:37:18","guid":{"rendered":"https:\/\/www.3dprintrg.sk\/?post_type=product&#038;p=3591"},"modified":"2025-12-05T19:37:21","modified_gmt":"2025-12-05T18:37:21","slug":"dekoracia-na-tortu-oblaky-na-zapich","status":"publish","type":"product","link":"https:\/\/www.3dprintrg.sk\/cz\/produkt\/dekoracia-na-tortu-oblaky-na-zapich\/","title":{"rendered":"Dekor\u00e1cia na tortu oblaky na z\u00e1pich"},"content":{"rendered":"<p>Dotknite sa neba s na\u0161imi 3D oblakmi na tortu s mraziv\u00fdm vzh\u013eadom , obla\u010diky su na pali\u010dk\u00e1ch<br \/>\nJemn\u00e9, \u013eahk\u00e9 a dokonalo tvarovan\u00e9 aby dodali va\u0161ej torte rozpr\u00e1vkov\u00fd vzh\u013ead.<br \/>\nSada 8 ks oblakov<\/p>","protected":false},"excerpt":{"rendered":"<p>Dotknite sa neba s na\u0161imi 3D oblakmi na tortu s mraziv\u00fdm vzh\u013eadom , obla\u010diky su na pali\u010dk\u00e1ch<br \/>\nJemn\u00e9, \u013eahk\u00e9 a dokonalo tvarovan\u00e9 aby dodali va\u0161ej torte rozpr\u00e1vkov\u00fd vzh\u013ead.<br \/>\nSada 8 ks oblakov<\/p>","protected":false},"featured_media":3592,"comment_status":"open","ping_status":"closed","template":"","meta":{"_et_pb_use_builder":"","_et_pb_old_content":"","_et_gb_content_width":"","iawp_total_views":70},"product_brand":[],"product_cat":[77],"product_tag":[595,332,333],"class_list":{"0":"post-3591","1":"product","2":"type-product","3":"status-publish","4":"has-post-thumbnail","6":"product_cat-rozne","7":"product_tag-dekoracia-na-tortu","8":"product_tag-oblak","9":"product_tag-oblaky","11":"first","12":"instock","13":"purchasable","14":"product-type-simple"},"jetpack_sharing_enabled":true,"_links":{"self":[{"href":"https:\/\/www.3dprintrg.sk\/cz\/wp-json\/wp\/v2\/product\/3591","targetHints":{"allow":["GET"]}}],"collection":[{"href":"https:\/\/www.3dprintrg.sk\/cz\/wp-json\/wp\/v2\/product"}],"about":[{"href":"https:\/\/www.3dprintrg.sk\/cz\/wp-json\/wp\/v2\/types\/product"}],"replies":[{"embeddable":true,"href":"https:\/\/www.3dprintrg.sk\/cz\/wp-json\/wp\/v2\/comments?post=3591"}],"wp:featuredmedia":[{"embeddable":true,"href":"https:\/\/www.3dprintrg.sk\/cz\/wp-json\/wp\/v2\/media\/3592"}],"wp:attachment":[{"href":"https:\/\/www.3dprintrg.sk\/cz\/wp-json\/wp\/v2\/media?parent=3591"}],"wp:term":[{"taxonomy":"product_brand","embeddable":true,"href":"https:\/\/www.3dprintrg.sk\/cz\/wp-json\/wp\/v2\/product_brand?post=3591"},{"taxonomy":"product_cat","embeddable":true,"href":"https:\/\/www.3dprintrg.sk\/cz\/wp-json\/wp\/v2\/product_cat?post=3591"},{"taxonomy":"product_tag","embeddable":true,"href":"https:\/\/www.3dprintrg.sk\/cz\/wp-json\/wp\/v2\/product_tag?post=3591"}],"curies":[{"name":"wp","href":"https:\/\/api.w.org\/{rel}","templated":true}]}}