{"id":3595,"date":"2025-12-05T19:51:24","date_gmt":"2025-12-05T18:51:24","guid":{"rendered":"https:\/\/www.3dprintrg.sk\/?post_type=product&#038;p=3595"},"modified":"2025-12-05T19:51:25","modified_gmt":"2025-12-05T18:51:25","slug":"dekoracna-cervena-vaza","status":"publish","type":"product","link":"https:\/\/www.3dprintrg.sk\/cz\/produkt\/dekoracna-cervena-vaza\/","title":{"rendered":"Dekora\u010dn\u00e1 \u010derven\u00e1 v\u00e1za"},"content":{"rendered":"<p>Dekora\u010dn\u00e1 \u010derven\u00e1 s pokr\u010den\u00fdm vzh\u013eadom ma v\u00fd\u0161ku 20,5cm<br \/>\nKr\u00e1sna farba ako doplnok do dom\u00e1cnosti a najkraj\u0161ia je na Vianoce so \u017eivou \u010de\u010dinkou  <\/p>","protected":false},"excerpt":{"rendered":"<p>Dekora\u010dn\u00e1 \u010derven\u00e1 s pokr\u010den\u00fdm vzh\u013eadom ma v\u00fd\u0161ku 20,5cm<br \/>\nKr\u00e1sna farba ako doplnok do dom\u00e1cnosti a najkraj\u0161ia je na Vianoce so \u017eivou \u010de\u010dinkou  <\/p>","protected":false},"featured_media":3596,"comment_status":"open","ping_status":"closed","template":"","meta":{"_et_pb_use_builder":"","_et_pb_old_content":"","_et_gb_content_width":"","iawp_total_views":6},"product_brand":[],"product_cat":[31,44,32],"product_tag":[228],"class_list":{"0":"post-3595","1":"product","2":"type-product","3":"status-publish","4":"has-post-thumbnail","6":"product_cat-dekoracie","7":"product_cat-vazy","8":"product_cat-vianocne-dekoracie","9":"product_tag-vaza","11":"first","12":"instock","13":"sale","14":"purchasable","15":"product-type-simple"},"jetpack_sharing_enabled":true,"_links":{"self":[{"href":"https:\/\/www.3dprintrg.sk\/cz\/wp-json\/wp\/v2\/product\/3595","targetHints":{"allow":["GET"]}}],"collection":[{"href":"https:\/\/www.3dprintrg.sk\/cz\/wp-json\/wp\/v2\/product"}],"about":[{"href":"https:\/\/www.3dprintrg.sk\/cz\/wp-json\/wp\/v2\/types\/product"}],"replies":[{"embeddable":true,"href":"https:\/\/www.3dprintrg.sk\/cz\/wp-json\/wp\/v2\/comments?post=3595"}],"wp:featuredmedia":[{"embeddable":true,"href":"https:\/\/www.3dprintrg.sk\/cz\/wp-json\/wp\/v2\/media\/3596"}],"wp:attachment":[{"href":"https:\/\/www.3dprintrg.sk\/cz\/wp-json\/wp\/v2\/media?parent=3595"}],"wp:term":[{"taxonomy":"product_brand","embeddable":true,"href":"https:\/\/www.3dprintrg.sk\/cz\/wp-json\/wp\/v2\/product_brand?post=3595"},{"taxonomy":"product_cat","embeddable":true,"href":"https:\/\/www.3dprintrg.sk\/cz\/wp-json\/wp\/v2\/product_cat?post=3595"},{"taxonomy":"product_tag","embeddable":true,"href":"https:\/\/www.3dprintrg.sk\/cz\/wp-json\/wp\/v2\/product_tag?post=3595"}],"curies":[{"name":"wp","href":"https:\/\/api.w.org\/{rel}","templated":true}]}}