{"id":3613,"date":"2025-12-13T17:59:55","date_gmt":"2025-12-13T16:59:55","guid":{"rendered":"https:\/\/www.3dprintrg.sk\/?post_type=product&#038;p=3613"},"modified":"2025-12-13T17:59:57","modified_gmt":"2025-12-13T16:59:57","slug":"macik-s-cumlikom-a-ciapkou","status":"publish","type":"product","link":"https:\/\/www.3dprintrg.sk\/cz\/produkt\/macik-s-cumlikom-a-ciapkou\/","title":{"rendered":"Mac\u00edk s cuml\u00edkom a \u010diapkou"},"content":{"rendered":"<p>Mac\u00edk s cuml\u00edkom a \u010diapkou je kr\u00e1sny doplnok na krstinov\u00e9 \u010di narodeninov\u00e9 torty.<br \/>\nV\u00fd\u0161ka cca 10 cm <\/p>","protected":false},"excerpt":{"rendered":"<p>Mac\u00edk s cuml\u00edkom a \u010diapkou je kr\u00e1sny doplnok na krstinov\u00e9 \u010di narodeninov\u00e9 torty.<br \/>\nV\u00fd\u0161ka cca 10 cm <\/p>","protected":false},"featured_media":3614,"comment_status":"open","ping_status":"closed","template":"","meta":{"_et_pb_use_builder":"","_et_pb_old_content":"","_et_gb_content_width":"","iawp_total_views":20},"product_brand":[],"product_cat":[77],"product_tag":[503,502],"class_list":{"0":"post-3613","1":"product","2":"type-product","3":"status-publish","4":"has-post-thumbnail","6":"product_cat-rozne","7":"product_tag-macik","8":"product_tag-macko","10":"first","11":"instock","12":"purchasable","13":"product-type-simple"},"jetpack_sharing_enabled":true,"_links":{"self":[{"href":"https:\/\/www.3dprintrg.sk\/cz\/wp-json\/wp\/v2\/product\/3613","targetHints":{"allow":["GET"]}}],"collection":[{"href":"https:\/\/www.3dprintrg.sk\/cz\/wp-json\/wp\/v2\/product"}],"about":[{"href":"https:\/\/www.3dprintrg.sk\/cz\/wp-json\/wp\/v2\/types\/product"}],"replies":[{"embeddable":true,"href":"https:\/\/www.3dprintrg.sk\/cz\/wp-json\/wp\/v2\/comments?post=3613"}],"wp:featuredmedia":[{"embeddable":true,"href":"https:\/\/www.3dprintrg.sk\/cz\/wp-json\/wp\/v2\/media\/3614"}],"wp:attachment":[{"href":"https:\/\/www.3dprintrg.sk\/cz\/wp-json\/wp\/v2\/media?parent=3613"}],"wp:term":[{"taxonomy":"product_brand","embeddable":true,"href":"https:\/\/www.3dprintrg.sk\/cz\/wp-json\/wp\/v2\/product_brand?post=3613"},{"taxonomy":"product_cat","embeddable":true,"href":"https:\/\/www.3dprintrg.sk\/cz\/wp-json\/wp\/v2\/product_cat?post=3613"},{"taxonomy":"product_tag","embeddable":true,"href":"https:\/\/www.3dprintrg.sk\/cz\/wp-json\/wp\/v2\/product_tag?post=3613"}],"curies":[{"name":"wp","href":"https:\/\/api.w.org\/{rel}","templated":true}]}}