{"id":3671,"date":"2026-01-03T14:16:11","date_gmt":"2026-01-03T13:16:11","guid":{"rendered":"https:\/\/www.3dprintrg.sk\/?post_type=product&#038;p=3671"},"modified":"2026-01-05T20:23:38","modified_gmt":"2026-01-05T19:23:38","slug":"zlaty-zrkadlovy-napis-one","status":"publish","type":"product","link":"https:\/\/www.3dprintrg.sk\/cz\/produkt\/zlaty-zrkadlovy-napis-one\/","title":{"rendered":"Zlat\u00fd zrkadlov\u00fd n\u00e1pis One"},"content":{"rendered":"<p>Zlat\u00fd zrkadlov\u00fd z\u00e1pich na tortu ..one..<\/p>\n<p>dl\u017eka cca 10 cm<\/p>","protected":false},"excerpt":{"rendered":"<p>Zlat\u00fd zrkadlov\u00fd z\u00e1pich na tortu ..one..<\/p>\n<p>dl\u017eka cca 10 cm<\/p>","protected":false},"featured_media":3693,"comment_status":"open","ping_status":"closed","template":"","meta":{"_et_pb_use_builder":"","_et_pb_old_content":"","_et_gb_content_width":"","iawp_total_views":19},"product_brand":[],"product_cat":[495,21],"product_tag":[606,496],"class_list":{"0":"post-3671","1":"product","2":"type-product","3":"status-publish","4":"has-post-thumbnail","6":"product_cat-zrkadlove-zapichy","7":"product_cat-jednocisla","8":"product_tag-one","9":"product_tag-zrkadlovy-zapich","11":"first","12":"instock","13":"purchasable","14":"product-type-simple"},"jetpack_sharing_enabled":true,"_links":{"self":[{"href":"https:\/\/www.3dprintrg.sk\/cz\/wp-json\/wp\/v2\/product\/3671","targetHints":{"allow":["GET"]}}],"collection":[{"href":"https:\/\/www.3dprintrg.sk\/cz\/wp-json\/wp\/v2\/product"}],"about":[{"href":"https:\/\/www.3dprintrg.sk\/cz\/wp-json\/wp\/v2\/types\/product"}],"replies":[{"embeddable":true,"href":"https:\/\/www.3dprintrg.sk\/cz\/wp-json\/wp\/v2\/comments?post=3671"}],"wp:featuredmedia":[{"embeddable":true,"href":"https:\/\/www.3dprintrg.sk\/cz\/wp-json\/wp\/v2\/media\/3693"}],"wp:attachment":[{"href":"https:\/\/www.3dprintrg.sk\/cz\/wp-json\/wp\/v2\/media?parent=3671"}],"wp:term":[{"taxonomy":"product_brand","embeddable":true,"href":"https:\/\/www.3dprintrg.sk\/cz\/wp-json\/wp\/v2\/product_brand?post=3671"},{"taxonomy":"product_cat","embeddable":true,"href":"https:\/\/www.3dprintrg.sk\/cz\/wp-json\/wp\/v2\/product_cat?post=3671"},{"taxonomy":"product_tag","embeddable":true,"href":"https:\/\/www.3dprintrg.sk\/cz\/wp-json\/wp\/v2\/product_tag?post=3671"}],"curies":[{"name":"wp","href":"https:\/\/api.w.org\/{rel}","templated":true}]}}