{"id":3702,"date":"2026-01-06T17:21:26","date_gmt":"2026-01-06T16:21:26","guid":{"rendered":"https:\/\/www.3dprintrg.sk\/?post_type=product&#038;p=3702"},"modified":"2026-02-21T09:13:24","modified_gmt":"2026-02-21T08:13:24","slug":"macko-s-maslickou-na-krku","status":"publish","type":"product","link":"https:\/\/www.3dprintrg.sk\/cz\/produkt\/macko-s-maslickou-na-krku\/","title":{"rendered":"Macko s ma\u0161li\u010dkou na krku"},"content":{"rendered":"<p>Ve\u013ek\u00fd 3D macko s ma\u0161li\u010dkou na krku<br \/>\nVysok\u00fd je 12 cm <\/p>\n<p>&#8211; nejedl\u00e1 dekor\u00e1cia <\/p>\n<p>Dekor\u00e1cia je vyroben\u00e1 z PLA plastu,plast je vyroben\u00fd z obnovite\u013en\u00fdch zdrojov, ako je kukuri\u010dn\u00fd \u0161krob, cukrov\u00e1 trstina alebo zemiakov\u00fd \u0161krob,PLA plast je netoxick\u00fd a bezpe\u010dn\u00fd na styk s potravinami.<\/p>","protected":false},"excerpt":{"rendered":"<p>Ve\u013ek\u00fd 3D macko s ma\u0161li\u010dkou na krku<br \/>\nVysok\u00fd je 12 cm <\/p>\n<p>&#8211; nejedl\u00e1 dekor\u00e1cia <\/p>","protected":false},"featured_media":3703,"comment_status":"open","ping_status":"closed","template":"","meta":{"_et_pb_use_builder":"","_et_pb_old_content":"","_et_gb_content_width":"","iawp_total_views":24},"product_brand":[],"product_cat":[77],"product_tag":[503,502,614,501],"class_list":{"0":"post-3702","1":"product","2":"type-product","3":"status-publish","4":"has-post-thumbnail","6":"product_cat-rozne","7":"product_tag-macik","8":"product_tag-macko","9":"product_tag-macko-s-maslou","10":"product_tag-medved","12":"first","13":"instock","14":"sale","15":"purchasable","16":"product-type-simple"},"jetpack_sharing_enabled":true,"_links":{"self":[{"href":"https:\/\/www.3dprintrg.sk\/cz\/wp-json\/wp\/v2\/product\/3702","targetHints":{"allow":["GET"]}}],"collection":[{"href":"https:\/\/www.3dprintrg.sk\/cz\/wp-json\/wp\/v2\/product"}],"about":[{"href":"https:\/\/www.3dprintrg.sk\/cz\/wp-json\/wp\/v2\/types\/product"}],"replies":[{"embeddable":true,"href":"https:\/\/www.3dprintrg.sk\/cz\/wp-json\/wp\/v2\/comments?post=3702"}],"wp:featuredmedia":[{"embeddable":true,"href":"https:\/\/www.3dprintrg.sk\/cz\/wp-json\/wp\/v2\/media\/3703"}],"wp:attachment":[{"href":"https:\/\/www.3dprintrg.sk\/cz\/wp-json\/wp\/v2\/media?parent=3702"}],"wp:term":[{"taxonomy":"product_brand","embeddable":true,"href":"https:\/\/www.3dprintrg.sk\/cz\/wp-json\/wp\/v2\/product_brand?post=3702"},{"taxonomy":"product_cat","embeddable":true,"href":"https:\/\/www.3dprintrg.sk\/cz\/wp-json\/wp\/v2\/product_cat?post=3702"},{"taxonomy":"product_tag","embeddable":true,"href":"https:\/\/www.3dprintrg.sk\/cz\/wp-json\/wp\/v2\/product_tag?post=3702"}],"curies":[{"name":"wp","href":"https:\/\/api.w.org\/{rel}","templated":true}]}}