{"id":3706,"date":"2026-01-06T17:31:40","date_gmt":"2026-01-06T16:31:40","guid":{"rendered":"https:\/\/www.3dprintrg.sk\/?post_type=product&#038;p=3706"},"modified":"2026-01-09T10:28:53","modified_gmt":"2026-01-09T09:28:53","slug":"zajacik-co-ukazuje-srdiecko","status":"publish","type":"product","link":"https:\/\/www.3dprintrg.sk\/cz\/produkt\/zajacik-co-ukazuje-srdiecko\/","title":{"rendered":"Zaja\u010dik \u010do ukazuje srdie\u010dko"},"content":{"rendered":"<p>Zaja\u010dik \u010do ukazuje srdie\u010dko<br \/>\nVysok\u00fd 10 cm <\/p>\n<p>-nejedl\u00e1 dekor\u00e1cia <\/p>\n<p>Dekor\u00e1cia je vyroben\u00e1 z PLA plastu,plast je vyroben\u00fd z obnovite\u013en\u00fdch zdrojov, ako je kukuri\u010dn\u00fd \u0161krob, cukrov\u00e1 trstina alebo zemiakov\u00fd \u0161krob,PLA plast je netoxick\u00fd a bezpe\u010dn\u00fd na styk s potravinami.<\/p>","protected":false},"excerpt":{"rendered":"<p>Zaja\u010dik \u010do ukazuje srdie\u010dko<br \/>\nVysok\u00fd 10 cm <\/p>\n<p>-nejedl\u00e1 dekor\u00e1cia <\/p>","protected":false},"featured_media":3707,"comment_status":"open","ping_status":"closed","template":"","meta":{"_et_pb_use_builder":"","_et_pb_old_content":"","_et_gb_content_width":"","iawp_total_views":20},"product_brand":[],"product_cat":[77],"product_tag":[103,67,66],"class_list":{"0":"post-3706","1":"product","2":"type-product","3":"status-publish","4":"has-post-thumbnail","6":"product_cat-rozne","7":"product_tag-srdiecko","8":"product_tag-zajacik","9":"product_tag-zajko","11":"first","12":"instock","13":"purchasable","14":"product-type-simple"},"jetpack_sharing_enabled":true,"_links":{"self":[{"href":"https:\/\/www.3dprintrg.sk\/cz\/wp-json\/wp\/v2\/product\/3706","targetHints":{"allow":["GET"]}}],"collection":[{"href":"https:\/\/www.3dprintrg.sk\/cz\/wp-json\/wp\/v2\/product"}],"about":[{"href":"https:\/\/www.3dprintrg.sk\/cz\/wp-json\/wp\/v2\/types\/product"}],"replies":[{"embeddable":true,"href":"https:\/\/www.3dprintrg.sk\/cz\/wp-json\/wp\/v2\/comments?post=3706"}],"wp:featuredmedia":[{"embeddable":true,"href":"https:\/\/www.3dprintrg.sk\/cz\/wp-json\/wp\/v2\/media\/3707"}],"wp:attachment":[{"href":"https:\/\/www.3dprintrg.sk\/cz\/wp-json\/wp\/v2\/media?parent=3706"}],"wp:term":[{"taxonomy":"product_brand","embeddable":true,"href":"https:\/\/www.3dprintrg.sk\/cz\/wp-json\/wp\/v2\/product_brand?post=3706"},{"taxonomy":"product_cat","embeddable":true,"href":"https:\/\/www.3dprintrg.sk\/cz\/wp-json\/wp\/v2\/product_cat?post=3706"},{"taxonomy":"product_tag","embeddable":true,"href":"https:\/\/www.3dprintrg.sk\/cz\/wp-json\/wp\/v2\/product_tag?post=3706"}],"curies":[{"name":"wp","href":"https:\/\/api.w.org\/{rel}","templated":true}]}}