{"id":3710,"date":"2026-01-06T17:41:55","date_gmt":"2026-01-06T16:41:55","guid":{"rendered":"https:\/\/www.3dprintrg.sk\/?post_type=product&#038;p=3710"},"modified":"2026-01-09T10:29:05","modified_gmt":"2026-01-09T09:29:05","slug":"babatko-na-kridlach","status":"publish","type":"product","link":"https:\/\/www.3dprintrg.sk\/cz\/produkt\/babatko-na-kridlach\/","title":{"rendered":"Bab\u00e4tko na kr\u00eddlach"},"content":{"rendered":"<p>Dekor\u00e1cia bab\u00e4tko na kr\u00eddlach<br \/>\n-krstinov\u00e1 dekor\u00e1cia<br \/>\n-nejedl\u00e1 dekor\u00e1cia<br \/>\n-d\u013a\u017eka 12 cm <\/p>\n<p>Dekor\u00e1cia je vyroben\u00e1 z PLA plastu,plast je vyroben\u00fd z obnovite\u013en\u00fdch zdrojov, ako je kukuri\u010dn\u00fd \u0161krob, cukrov\u00e1 trstina alebo zemiakov\u00fd \u0161krob,PLA plast je netoxick\u00fd a bezpe\u010dn\u00fd na styk s potravinami.<\/p>","protected":false},"excerpt":{"rendered":"<p>Dekor\u00e1cia bab\u00e4tko na kr\u00eddlach<br \/>\n-krstinov\u00e1 dekor\u00e1cia<br \/>\n-nejedl\u00e1 dekor\u00e1cia<br \/>\n-d\u013a\u017eka 12 cm <\/p>","protected":false},"featured_media":3713,"comment_status":"open","ping_status":"closed","template":"","meta":{"_et_pb_use_builder":"","_et_pb_old_content":"","_et_gb_content_width":"","iawp_total_views":37},"product_brand":[],"product_cat":[48,77],"product_tag":[615,355,517],"class_list":{"0":"post-3710","1":"product","2":"type-product","3":"status-publish","4":"has-post-thumbnail","6":"product_cat-krstiny","7":"product_cat-rozne","8":"product_tag-babatko","9":"product_tag-dekoracia","10":"product_tag-krstiny","12":"first","13":"instock","14":"purchasable","15":"product-type-variable"},"jetpack_sharing_enabled":true,"_links":{"self":[{"href":"https:\/\/www.3dprintrg.sk\/cz\/wp-json\/wp\/v2\/product\/3710","targetHints":{"allow":["GET"]}}],"collection":[{"href":"https:\/\/www.3dprintrg.sk\/cz\/wp-json\/wp\/v2\/product"}],"about":[{"href":"https:\/\/www.3dprintrg.sk\/cz\/wp-json\/wp\/v2\/types\/product"}],"replies":[{"embeddable":true,"href":"https:\/\/www.3dprintrg.sk\/cz\/wp-json\/wp\/v2\/comments?post=3710"}],"wp:featuredmedia":[{"embeddable":true,"href":"https:\/\/www.3dprintrg.sk\/cz\/wp-json\/wp\/v2\/media\/3713"}],"wp:attachment":[{"href":"https:\/\/www.3dprintrg.sk\/cz\/wp-json\/wp\/v2\/media?parent=3710"}],"wp:term":[{"taxonomy":"product_brand","embeddable":true,"href":"https:\/\/www.3dprintrg.sk\/cz\/wp-json\/wp\/v2\/product_brand?post=3710"},{"taxonomy":"product_cat","embeddable":true,"href":"https:\/\/www.3dprintrg.sk\/cz\/wp-json\/wp\/v2\/product_cat?post=3710"},{"taxonomy":"product_tag","embeddable":true,"href":"https:\/\/www.3dprintrg.sk\/cz\/wp-json\/wp\/v2\/product_tag?post=3710"}],"curies":[{"name":"wp","href":"https:\/\/api.w.org\/{rel}","templated":true}]}}