{"id":3715,"date":"2026-01-07T15:04:14","date_gmt":"2026-01-07T14:04:14","guid":{"rendered":"https:\/\/www.3dprintrg.sk\/?post_type=product&#038;p=3715"},"modified":"2026-01-28T10:24:42","modified_gmt":"2026-01-28T09:24:42","slug":"dekoracna-korunka","status":"publish","type":"product","link":"https:\/\/www.3dprintrg.sk\/cz\/produkt\/dekoracna-korunka\/","title":{"rendered":"Dekora\u010dn\u00e1 korunka"},"content":{"rendered":"<p>Dekora\u010dn\u00e1 korunka zlat\u00e1 s ru\u017eov\u00fdmi kamienkami<br \/>\nRozmer 13 cm <\/p>\n<p>-nejedl\u00e1 dekor\u00e1cia <\/p>","protected":false},"excerpt":{"rendered":"<p>Dekora\u010dn\u00e1 korunka zlat\u00e1 s ru\u017eov\u00fdmi kamienkami<br \/>\nRozmer 13 cm <\/p>\n<p>-nejedl\u00e1 dekor\u00e1cia <\/p>","protected":false},"featured_media":4060,"comment_status":"open","ping_status":"closed","template":"","meta":{"_et_pb_use_builder":"","_et_pb_old_content":"","_et_gb_content_width":"","iawp_total_views":22},"product_brand":[],"product_cat":[77],"product_tag":[616,543,419],"class_list":{"0":"post-3715","1":"product","2":"type-product","3":"status-publish","4":"has-post-thumbnail","6":"product_cat-rozne","7":"product_tag-crown","8":"product_tag-koruna","9":"product_tag-korunka","11":"first","12":"instock","13":"purchasable","14":"product-type-simple"},"jetpack_sharing_enabled":true,"_links":{"self":[{"href":"https:\/\/www.3dprintrg.sk\/cz\/wp-json\/wp\/v2\/product\/3715","targetHints":{"allow":["GET"]}}],"collection":[{"href":"https:\/\/www.3dprintrg.sk\/cz\/wp-json\/wp\/v2\/product"}],"about":[{"href":"https:\/\/www.3dprintrg.sk\/cz\/wp-json\/wp\/v2\/types\/product"}],"replies":[{"embeddable":true,"href":"https:\/\/www.3dprintrg.sk\/cz\/wp-json\/wp\/v2\/comments?post=3715"}],"wp:featuredmedia":[{"embeddable":true,"href":"https:\/\/www.3dprintrg.sk\/cz\/wp-json\/wp\/v2\/media\/4060"}],"wp:attachment":[{"href":"https:\/\/www.3dprintrg.sk\/cz\/wp-json\/wp\/v2\/media?parent=3715"}],"wp:term":[{"taxonomy":"product_brand","embeddable":true,"href":"https:\/\/www.3dprintrg.sk\/cz\/wp-json\/wp\/v2\/product_brand?post=3715"},{"taxonomy":"product_cat","embeddable":true,"href":"https:\/\/www.3dprintrg.sk\/cz\/wp-json\/wp\/v2\/product_cat?post=3715"},{"taxonomy":"product_tag","embeddable":true,"href":"https:\/\/www.3dprintrg.sk\/cz\/wp-json\/wp\/v2\/product_tag?post=3715"}],"curies":[{"name":"wp","href":"https:\/\/api.w.org\/{rel}","templated":true}]}}