{"id":3722,"date":"2026-01-07T15:34:20","date_gmt":"2026-01-07T14:34:20","guid":{"rendered":"https:\/\/www.3dprintrg.sk\/?post_type=product&#038;p=3722"},"modified":"2026-01-07T15:34:22","modified_gmt":"2026-01-07T14:34:22","slug":"zlaty-zrkadlovy-zapich-cislo-1-9","status":"publish","type":"product","link":"https:\/\/www.3dprintrg.sk\/cz\/produkt\/zlaty-zrkadlovy-zapich-cislo-1-9\/","title":{"rendered":"Zlat\u00fd zrkadlov\u00fd z\u00e1pich \u010d\u00edslo 1-9"},"content":{"rendered":"<p>Zlat\u00fd zrkadlov\u00fd z\u00e1pich \u010d\u00edslo 1-9<br \/>\nV\u00fd\u0161ka 8 cm+pali\u010dka na zapichnutie<\/p>","protected":false},"excerpt":{"rendered":"<p>Zlat\u00fd zrkadlov\u00fd z\u00e1pich \u010d\u00edslo 1-9<br \/>\nV\u00fd\u0161ka 8 cm+pali\u010dka na zapichnutie<\/p>","protected":false},"featured_media":3723,"comment_status":"open","ping_status":"closed","template":"","meta":{"_et_pb_use_builder":"","_et_pb_old_content":"","_et_gb_content_width":"","iawp_total_views":35},"product_brand":[],"product_cat":[495,21],"product_tag":[70,131,496],"class_list":{"0":"post-3722","1":"product","2":"type-product","3":"status-publish","4":"has-post-thumbnail","6":"product_cat-zrkadlove-zapichy","7":"product_cat-jednocisla","8":"product_tag-cislo","9":"product_tag-zapich-cislo","10":"product_tag-zrkadlovy-zapich","11":"wcpa_has_options","13":"first","14":"instock","15":"purchasable","16":"product-type-simple"},"jetpack_sharing_enabled":true,"_links":{"self":[{"href":"https:\/\/www.3dprintrg.sk\/cz\/wp-json\/wp\/v2\/product\/3722","targetHints":{"allow":["GET"]}}],"collection":[{"href":"https:\/\/www.3dprintrg.sk\/cz\/wp-json\/wp\/v2\/product"}],"about":[{"href":"https:\/\/www.3dprintrg.sk\/cz\/wp-json\/wp\/v2\/types\/product"}],"replies":[{"embeddable":true,"href":"https:\/\/www.3dprintrg.sk\/cz\/wp-json\/wp\/v2\/comments?post=3722"}],"wp:featuredmedia":[{"embeddable":true,"href":"https:\/\/www.3dprintrg.sk\/cz\/wp-json\/wp\/v2\/media\/3723"}],"wp:attachment":[{"href":"https:\/\/www.3dprintrg.sk\/cz\/wp-json\/wp\/v2\/media?parent=3722"}],"wp:term":[{"taxonomy":"product_brand","embeddable":true,"href":"https:\/\/www.3dprintrg.sk\/cz\/wp-json\/wp\/v2\/product_brand?post=3722"},{"taxonomy":"product_cat","embeddable":true,"href":"https:\/\/www.3dprintrg.sk\/cz\/wp-json\/wp\/v2\/product_cat?post=3722"},{"taxonomy":"product_tag","embeddable":true,"href":"https:\/\/www.3dprintrg.sk\/cz\/wp-json\/wp\/v2\/product_tag?post=3722"}],"curies":[{"name":"wp","href":"https:\/\/api.w.org\/{rel}","templated":true}]}}