{"id":3724,"date":"2026-01-07T19:39:42","date_gmt":"2026-01-07T18:39:42","guid":{"rendered":"https:\/\/www.3dprintrg.sk\/?post_type=product&#038;p=3724"},"modified":"2026-01-14T16:27:41","modified_gmt":"2026-01-14T15:27:41","slug":"zlaty-zrkadlovy-krstinovy-zapich","status":"publish","type":"product","link":"https:\/\/www.3dprintrg.sk\/cz\/produkt\/zlaty-zrkadlovy-krstinovy-zapich\/","title":{"rendered":"Zlat\u00fd zrkadlov\u00fd krstinov\u00fd z\u00e1pich"},"content":{"rendered":"<p>Zlat\u00fd zrkadlov\u00fd krstinov\u00fd z\u00e1pich s menom a d\u00e1tumami die\u0165atka<br \/>\n\u0160\u00edrka cca 14 cm <\/p>\n<p>-meno:sacramento<br \/>\n-datumy:pinky<\/p>","protected":false},"excerpt":{"rendered":"<p>Zlat\u00fd zrkadlov\u00fd krstinov\u00fd z\u00e1pich s menom a d\u00e1tumami die\u0165atka<br \/>\n\u0160\u00edrka cca 14 cm <\/p>","protected":false},"featured_media":3725,"comment_status":"open","ping_status":"closed","template":"","meta":{"_et_pb_use_builder":"","_et_pb_old_content":"","_et_gb_content_width":"","iawp_total_views":52},"product_brand":[],"product_cat":[495,48],"product_tag":[73,517,72],"class_list":{"0":"post-3724","1":"product","2":"type-product","3":"status-publish","4":"has-post-thumbnail","6":"product_cat-zrkadlove-zapichy","7":"product_cat-krstiny","8":"product_tag-krstinovy-zapich","9":"product_tag-krstiny","10":"product_tag-zapich-na-krstiny","11":"wcpa_has_options","13":"first","14":"instock","15":"purchasable","16":"product-type-simple"},"jetpack_sharing_enabled":true,"_links":{"self":[{"href":"https:\/\/www.3dprintrg.sk\/cz\/wp-json\/wp\/v2\/product\/3724","targetHints":{"allow":["GET"]}}],"collection":[{"href":"https:\/\/www.3dprintrg.sk\/cz\/wp-json\/wp\/v2\/product"}],"about":[{"href":"https:\/\/www.3dprintrg.sk\/cz\/wp-json\/wp\/v2\/types\/product"}],"replies":[{"embeddable":true,"href":"https:\/\/www.3dprintrg.sk\/cz\/wp-json\/wp\/v2\/comments?post=3724"}],"wp:featuredmedia":[{"embeddable":true,"href":"https:\/\/www.3dprintrg.sk\/cz\/wp-json\/wp\/v2\/media\/3725"}],"wp:attachment":[{"href":"https:\/\/www.3dprintrg.sk\/cz\/wp-json\/wp\/v2\/media?parent=3724"}],"wp:term":[{"taxonomy":"product_brand","embeddable":true,"href":"https:\/\/www.3dprintrg.sk\/cz\/wp-json\/wp\/v2\/product_brand?post=3724"},{"taxonomy":"product_cat","embeddable":true,"href":"https:\/\/www.3dprintrg.sk\/cz\/wp-json\/wp\/v2\/product_cat?post=3724"},{"taxonomy":"product_tag","embeddable":true,"href":"https:\/\/www.3dprintrg.sk\/cz\/wp-json\/wp\/v2\/product_tag?post=3724"}],"curies":[{"name":"wp","href":"https:\/\/api.w.org\/{rel}","templated":true}]}}