{"id":3726,"date":"2026-01-07T19:43:44","date_gmt":"2026-01-07T18:43:44","guid":{"rendered":"https:\/\/www.3dprintrg.sk\/?post_type=product&#038;p=3726"},"modified":"2026-01-12T18:52:11","modified_gmt":"2026-01-12T17:52:11","slug":"zlate-zrkadlove-meno-2","status":"publish","type":"product","link":"https:\/\/www.3dprintrg.sk\/cz\/produkt\/zlate-zrkadlove-meno-2\/","title":{"rendered":"Zlat\u00e9 zrkadlov\u00e9 meno"},"content":{"rendered":"<p>Zlat\u00e9 zrkadlov\u00e9 meno s pali\u010dkou na zapichnutie<br \/>\n\u0160\u00edrka cca 14 cm <\/p>\n<p>-sacramento<\/p>","protected":false},"excerpt":{"rendered":"<p>Zlat\u00e9 zrkadlov\u00e9 meno s pali\u010dkou na zapichnutie<br \/>\n\u0160\u00edrka cca 14 cm <\/p>","protected":false},"featured_media":3727,"comment_status":"open","ping_status":"closed","template":"","meta":{"_et_pb_use_builder":"","_et_pb_old_content":"","_et_gb_content_width":"","iawp_total_views":55},"product_brand":[],"product_cat":[495,28],"product_tag":[64,81,65,496],"class_list":{"0":"post-3726","1":"product","2":"type-product","3":"status-publish","4":"has-post-thumbnail","6":"product_cat-zrkadlove-zapichy","7":"product_cat-mena","8":"product_tag-meno","9":"product_tag-zapich","10":"product_tag-zapich-meno","11":"product_tag-zrkadlovy-zapich","12":"wcpa_has_options","14":"first","15":"instock","16":"purchasable","17":"product-type-simple"},"jetpack_sharing_enabled":true,"_links":{"self":[{"href":"https:\/\/www.3dprintrg.sk\/cz\/wp-json\/wp\/v2\/product\/3726","targetHints":{"allow":["GET"]}}],"collection":[{"href":"https:\/\/www.3dprintrg.sk\/cz\/wp-json\/wp\/v2\/product"}],"about":[{"href":"https:\/\/www.3dprintrg.sk\/cz\/wp-json\/wp\/v2\/types\/product"}],"replies":[{"embeddable":true,"href":"https:\/\/www.3dprintrg.sk\/cz\/wp-json\/wp\/v2\/comments?post=3726"}],"wp:featuredmedia":[{"embeddable":true,"href":"https:\/\/www.3dprintrg.sk\/cz\/wp-json\/wp\/v2\/media\/3727"}],"wp:attachment":[{"href":"https:\/\/www.3dprintrg.sk\/cz\/wp-json\/wp\/v2\/media?parent=3726"}],"wp:term":[{"taxonomy":"product_brand","embeddable":true,"href":"https:\/\/www.3dprintrg.sk\/cz\/wp-json\/wp\/v2\/product_brand?post=3726"},{"taxonomy":"product_cat","embeddable":true,"href":"https:\/\/www.3dprintrg.sk\/cz\/wp-json\/wp\/v2\/product_cat?post=3726"},{"taxonomy":"product_tag","embeddable":true,"href":"https:\/\/www.3dprintrg.sk\/cz\/wp-json\/wp\/v2\/product_tag?post=3726"}],"curies":[{"name":"wp","href":"https:\/\/api.w.org\/{rel}","templated":true}]}}