{"id":3728,"date":"2026-01-07T19:47:07","date_gmt":"2026-01-07T18:47:07","guid":{"rendered":"https:\/\/www.3dprintrg.sk\/?post_type=product&#038;p=3728"},"modified":"2026-01-07T19:47:11","modified_gmt":"2026-01-07T18:47:11","slug":"zlaty-zrkadlovy-zapich-meno-s-vekom","status":"publish","type":"product","link":"https:\/\/www.3dprintrg.sk\/cz\/produkt\/zlaty-zrkadlovy-zapich-meno-s-vekom\/","title":{"rendered":"Zlat\u00fd zrkadlov\u00fd z\u00e1pich meno s vekom"},"content":{"rendered":"<p>Zlat\u00fd zrkadlov\u00fd z\u00e1pich meno s vekom osl\u00e1venca<\/p>\n<p>\u0160\u00edrka cca 14 cm <\/p>\n<p>-sacramento<\/p>","protected":false},"excerpt":{"rendered":"<p>Zlat\u00fd zrkadlov\u00fd z\u00e1pich meno s vekom osl\u00e1venca<\/p>\n<p>\u0160\u00edrka cca 14 cm <\/p>","protected":false},"featured_media":3729,"comment_status":"open","ping_status":"closed","template":"","meta":{"_et_pb_use_builder":"","_et_pb_old_content":"","_et_gb_content_width":"","iawp_total_views":11},"product_brand":[],"product_cat":[495,28],"product_tag":[305,617,496],"class_list":{"0":"post-3728","1":"product","2":"type-product","3":"status-publish","4":"has-post-thumbnail","6":"product_cat-zrkadlove-zapichy","7":"product_cat-mena","8":"product_tag-meno-s-cislom","9":"product_tag-zlaty-zapich","10":"product_tag-zrkadlovy-zapich","11":"wcpa_has_options","13":"first","14":"instock","15":"purchasable","16":"product-type-simple"},"jetpack_sharing_enabled":true,"_links":{"self":[{"href":"https:\/\/www.3dprintrg.sk\/cz\/wp-json\/wp\/v2\/product\/3728","targetHints":{"allow":["GET"]}}],"collection":[{"href":"https:\/\/www.3dprintrg.sk\/cz\/wp-json\/wp\/v2\/product"}],"about":[{"href":"https:\/\/www.3dprintrg.sk\/cz\/wp-json\/wp\/v2\/types\/product"}],"replies":[{"embeddable":true,"href":"https:\/\/www.3dprintrg.sk\/cz\/wp-json\/wp\/v2\/comments?post=3728"}],"wp:featuredmedia":[{"embeddable":true,"href":"https:\/\/www.3dprintrg.sk\/cz\/wp-json\/wp\/v2\/media\/3729"}],"wp:attachment":[{"href":"https:\/\/www.3dprintrg.sk\/cz\/wp-json\/wp\/v2\/media?parent=3728"}],"wp:term":[{"taxonomy":"product_brand","embeddable":true,"href":"https:\/\/www.3dprintrg.sk\/cz\/wp-json\/wp\/v2\/product_brand?post=3728"},{"taxonomy":"product_cat","embeddable":true,"href":"https:\/\/www.3dprintrg.sk\/cz\/wp-json\/wp\/v2\/product_cat?post=3728"},{"taxonomy":"product_tag","embeddable":true,"href":"https:\/\/www.3dprintrg.sk\/cz\/wp-json\/wp\/v2\/product_tag?post=3728"}],"curies":[{"name":"wp","href":"https:\/\/api.w.org\/{rel}","templated":true}]}}