{"id":3753,"date":"2026-01-12T18:50:33","date_gmt":"2026-01-12T17:50:33","guid":{"rendered":"https:\/\/www.3dprintrg.sk\/?post_type=product&#038;p=3753"},"modified":"2026-01-12T18:50:34","modified_gmt":"2026-01-12T17:50:34","slug":"gravirovany-zrkadlovy-zlaty-vsetko-najlepsie","status":"publish","type":"product","link":"https:\/\/www.3dprintrg.sk\/cz\/produkt\/gravirovany-zrkadlovy-zlaty-vsetko-najlepsie\/","title":{"rendered":"Gravirovan\u00fd zrkadlov\u00fd zlat\u00fd V\u0161etko najlep\u0161ie"},"content":{"rendered":"<p>Gravirovan\u00fd zrkadlov\u00fd zlat\u00fd V\u0161etko najlep\u0161ie<\/p>\n<p>Rozmer cca 10cm<\/p>","protected":false},"excerpt":{"rendered":"<p>Gravirovan\u00fd zrkadlov\u00fd zlat\u00fd V\u0161etko najlep\u0161ie<\/p>\n<p>Rozmer cca 10cm<\/p>\n<p>-na predok torty<\/p>","protected":false},"featured_media":3754,"comment_status":"open","ping_status":"closed","template":"","meta":{"_et_pb_use_builder":"","_et_pb_old_content":"","_et_gb_content_width":"","iawp_total_views":14},"product_brand":[],"product_cat":[495,23],"product_tag":[582,58,512],"class_list":{"0":"post-3753","1":"product","2":"type-product","3":"status-publish","4":"has-post-thumbnail","6":"product_cat-zrkadlove-zapichy","7":"product_cat-vsetko-najlepsie","8":"product_tag-akryl","9":"product_tag-vsetko-najlepsie","10":"product_tag-zrkadlovy","12":"first","13":"instock","14":"purchasable","15":"product-type-simple"},"jetpack_sharing_enabled":true,"_links":{"self":[{"href":"https:\/\/www.3dprintrg.sk\/cz\/wp-json\/wp\/v2\/product\/3753","targetHints":{"allow":["GET"]}}],"collection":[{"href":"https:\/\/www.3dprintrg.sk\/cz\/wp-json\/wp\/v2\/product"}],"about":[{"href":"https:\/\/www.3dprintrg.sk\/cz\/wp-json\/wp\/v2\/types\/product"}],"replies":[{"embeddable":true,"href":"https:\/\/www.3dprintrg.sk\/cz\/wp-json\/wp\/v2\/comments?post=3753"}],"wp:featuredmedia":[{"embeddable":true,"href":"https:\/\/www.3dprintrg.sk\/cz\/wp-json\/wp\/v2\/media\/3754"}],"wp:attachment":[{"href":"https:\/\/www.3dprintrg.sk\/cz\/wp-json\/wp\/v2\/media?parent=3753"}],"wp:term":[{"taxonomy":"product_brand","embeddable":true,"href":"https:\/\/www.3dprintrg.sk\/cz\/wp-json\/wp\/v2\/product_brand?post=3753"},{"taxonomy":"product_cat","embeddable":true,"href":"https:\/\/www.3dprintrg.sk\/cz\/wp-json\/wp\/v2\/product_cat?post=3753"},{"taxonomy":"product_tag","embeddable":true,"href":"https:\/\/www.3dprintrg.sk\/cz\/wp-json\/wp\/v2\/product_tag?post=3753"}],"curies":[{"name":"wp","href":"https:\/\/api.w.org\/{rel}","templated":true}]}}