{"id":3763,"date":"2026-01-13T21:17:54","date_gmt":"2026-01-13T20:17:54","guid":{"rendered":"https:\/\/www.3dprintrg.sk\/?post_type=product&#038;p=3763"},"modified":"2026-01-13T21:17:57","modified_gmt":"2026-01-13T20:17:57","slug":"klucenka-smile","status":"publish","type":"product","link":"https:\/\/www.3dprintrg.sk\/cz\/produkt\/klucenka-smile\/","title":{"rendered":"K\u013e\u00fa\u010denka ..smile.."},"content":{"rendered":"<p>K\u013e\u00fa\u010denka..smile.. v zeleno \u017eltej farby<\/p>\n<p>ide\u00e1lne ako dar\u010dek alebo pre pote\u0161enie samej sebe \ud83d\ude42<\/p>","protected":false},"excerpt":{"rendered":"<p>K\u013e\u00fa\u010denka..smile.. v zeleno \u017eltej farby<\/p>\n<p>ide\u00e1lne ako dar\u010dek alebo pre pote\u0161enie samej sebe \ud83d\ude42<\/p>","protected":false},"featured_media":3764,"comment_status":"open","ping_status":"closed","template":"","meta":{"_et_pb_use_builder":"","_et_pb_old_content":"","_et_gb_content_width":"","iawp_total_views":2},"product_brand":[],"product_cat":[29],"product_tag":[622,52,623],"class_list":{"0":"post-3763","1":"product","2":"type-product","3":"status-publish","4":"has-post-thumbnail","6":"product_cat-klucenky","7":"product_tag-keychain","8":"product_tag-klucenka","9":"product_tag-smile","11":"first","12":"instock","13":"purchasable","14":"product-type-simple"},"jetpack_sharing_enabled":true,"_links":{"self":[{"href":"https:\/\/www.3dprintrg.sk\/cz\/wp-json\/wp\/v2\/product\/3763","targetHints":{"allow":["GET"]}}],"collection":[{"href":"https:\/\/www.3dprintrg.sk\/cz\/wp-json\/wp\/v2\/product"}],"about":[{"href":"https:\/\/www.3dprintrg.sk\/cz\/wp-json\/wp\/v2\/types\/product"}],"replies":[{"embeddable":true,"href":"https:\/\/www.3dprintrg.sk\/cz\/wp-json\/wp\/v2\/comments?post=3763"}],"wp:featuredmedia":[{"embeddable":true,"href":"https:\/\/www.3dprintrg.sk\/cz\/wp-json\/wp\/v2\/media\/3764"}],"wp:attachment":[{"href":"https:\/\/www.3dprintrg.sk\/cz\/wp-json\/wp\/v2\/media?parent=3763"}],"wp:term":[{"taxonomy":"product_brand","embeddable":true,"href":"https:\/\/www.3dprintrg.sk\/cz\/wp-json\/wp\/v2\/product_brand?post=3763"},{"taxonomy":"product_cat","embeddable":true,"href":"https:\/\/www.3dprintrg.sk\/cz\/wp-json\/wp\/v2\/product_cat?post=3763"},{"taxonomy":"product_tag","embeddable":true,"href":"https:\/\/www.3dprintrg.sk\/cz\/wp-json\/wp\/v2\/product_tag?post=3763"}],"curies":[{"name":"wp","href":"https:\/\/api.w.org\/{rel}","templated":true}]}}