{"id":3774,"date":"2026-01-14T16:31:03","date_gmt":"2026-01-14T15:31:03","guid":{"rendered":"https:\/\/www.3dprintrg.sk\/?post_type=product&#038;p=3774"},"modified":"2026-01-14T16:31:04","modified_gmt":"2026-01-14T15:31:04","slug":"klucenka-smile-2","status":"publish","type":"product","link":"https:\/\/www.3dprintrg.sk\/cz\/produkt\/klucenka-smile-2\/","title":{"rendered":"K\u013e\u00fa\u010denka ..smile.."},"content":{"rendered":"<p>K\u013e\u00fa\u010denka..smile.. v modro ru\u017eovej farbe<\/p>\n<p>ide\u00e1lne ako dar\u010dek alebo pre pote\u0161enie samej sebe \ud83d\ude42<\/p>","protected":false},"excerpt":{"rendered":"<p>K\u013e\u00fa\u010denka..smile.. v modro ru\u017eovej farbe<\/p>\n<p>ide\u00e1lne ako dar\u010dek alebo pre pote\u0161enie samej sebe \ud83d\ude42<\/p>","protected":false},"featured_media":3775,"comment_status":"open","ping_status":"closed","template":"","meta":{"_et_pb_use_builder":"","_et_pb_old_content":"","_et_gb_content_width":"","iawp_total_views":3},"product_brand":[],"product_cat":[29],"product_tag":[52],"class_list":{"0":"post-3774","1":"product","2":"type-product","3":"status-publish","4":"has-post-thumbnail","6":"product_cat-klucenky","7":"product_tag-klucenka","9":"first","10":"instock","11":"purchasable","12":"product-type-simple"},"jetpack_sharing_enabled":true,"_links":{"self":[{"href":"https:\/\/www.3dprintrg.sk\/cz\/wp-json\/wp\/v2\/product\/3774","targetHints":{"allow":["GET"]}}],"collection":[{"href":"https:\/\/www.3dprintrg.sk\/cz\/wp-json\/wp\/v2\/product"}],"about":[{"href":"https:\/\/www.3dprintrg.sk\/cz\/wp-json\/wp\/v2\/types\/product"}],"replies":[{"embeddable":true,"href":"https:\/\/www.3dprintrg.sk\/cz\/wp-json\/wp\/v2\/comments?post=3774"}],"wp:featuredmedia":[{"embeddable":true,"href":"https:\/\/www.3dprintrg.sk\/cz\/wp-json\/wp\/v2\/media\/3775"}],"wp:attachment":[{"href":"https:\/\/www.3dprintrg.sk\/cz\/wp-json\/wp\/v2\/media?parent=3774"}],"wp:term":[{"taxonomy":"product_brand","embeddable":true,"href":"https:\/\/www.3dprintrg.sk\/cz\/wp-json\/wp\/v2\/product_brand?post=3774"},{"taxonomy":"product_cat","embeddable":true,"href":"https:\/\/www.3dprintrg.sk\/cz\/wp-json\/wp\/v2\/product_cat?post=3774"},{"taxonomy":"product_tag","embeddable":true,"href":"https:\/\/www.3dprintrg.sk\/cz\/wp-json\/wp\/v2\/product_tag?post=3774"}],"curies":[{"name":"wp","href":"https:\/\/api.w.org\/{rel}","templated":true}]}}