{"id":3986,"date":"2026-01-17T13:54:54","date_gmt":"2026-01-17T12:54:54","guid":{"rendered":"https:\/\/www.3dprintrg.sk\/?post_type=product&#038;p=3986"},"modified":"2026-01-17T13:54:56","modified_gmt":"2026-01-17T12:54:56","slug":"strieborne-akrylove-srdiecka-6-ks","status":"publish","type":"product","link":"https:\/\/www.3dprintrg.sk\/cz\/produkt\/strieborne-akrylove-srdiecka-6-ks\/","title":{"rendered":"Strieborn\u00e9 akrylov\u00e9 srdie\u010dka 6 ks"},"content":{"rendered":"<p>Strieborn\u00e9 akrylove zrkadlov\u00e9 srdie\u010dka 6 ks<br \/>\nSrdie\u010dka ktor\u00e9 dodaj\u00fa na torte mal\u00fd detail<\/p>","protected":false},"excerpt":{"rendered":"<p>Strieborn\u00e9 akrylove zrkadlov\u00e9 srdie\u010dka 6 ks<br \/>\nSrdie\u010dka ktor\u00e9 dodaj\u00fa na torte mal\u00fd detail<\/p>","protected":false},"featured_media":3987,"comment_status":"open","ping_status":"closed","template":"","meta":{"_et_pb_use_builder":"","_et_pb_old_content":"","_et_gb_content_width":"","iawp_total_views":5},"product_brand":[],"product_cat":[495],"product_tag":[561,103,631],"class_list":{"0":"post-3986","1":"product","2":"type-product","3":"status-publish","4":"has-post-thumbnail","6":"product_cat-zrkadlove-zapichy","7":"product_tag-srdce","8":"product_tag-srdiecko","9":"product_tag-strieborne","11":"first","12":"instock","13":"purchasable","14":"product-type-simple"},"jetpack_sharing_enabled":true,"_links":{"self":[{"href":"https:\/\/www.3dprintrg.sk\/cz\/wp-json\/wp\/v2\/product\/3986","targetHints":{"allow":["GET"]}}],"collection":[{"href":"https:\/\/www.3dprintrg.sk\/cz\/wp-json\/wp\/v2\/product"}],"about":[{"href":"https:\/\/www.3dprintrg.sk\/cz\/wp-json\/wp\/v2\/types\/product"}],"replies":[{"embeddable":true,"href":"https:\/\/www.3dprintrg.sk\/cz\/wp-json\/wp\/v2\/comments?post=3986"}],"wp:featuredmedia":[{"embeddable":true,"href":"https:\/\/www.3dprintrg.sk\/cz\/wp-json\/wp\/v2\/media\/3987"}],"wp:attachment":[{"href":"https:\/\/www.3dprintrg.sk\/cz\/wp-json\/wp\/v2\/media?parent=3986"}],"wp:term":[{"taxonomy":"product_brand","embeddable":true,"href":"https:\/\/www.3dprintrg.sk\/cz\/wp-json\/wp\/v2\/product_brand?post=3986"},{"taxonomy":"product_cat","embeddable":true,"href":"https:\/\/www.3dprintrg.sk\/cz\/wp-json\/wp\/v2\/product_cat?post=3986"},{"taxonomy":"product_tag","embeddable":true,"href":"https:\/\/www.3dprintrg.sk\/cz\/wp-json\/wp\/v2\/product_tag?post=3986"}],"curies":[{"name":"wp","href":"https:\/\/api.w.org\/{rel}","templated":true}]}}