{"id":3992,"date":"2026-01-17T14:51:59","date_gmt":"2026-01-17T13:51:59","guid":{"rendered":"https:\/\/www.3dprintrg.sk\/?post_type=product&#038;p=3992"},"modified":"2026-01-17T14:52:01","modified_gmt":"2026-01-17T13:52:01","slug":"vaza-scrunched","status":"publish","type":"product","link":"https:\/\/www.3dprintrg.sk\/cz\/produkt\/vaza-scrunched\/","title":{"rendered":"V\u00e1za ..scrunched.."},"content":{"rendered":"<p>V\u00e1za ..scrunched..dod\u00e1va pokr\u010den\u00fd dizajn<br \/>\nV\u00fd\u0161ka 21 cm <\/p>","protected":false},"excerpt":{"rendered":"<p>V\u00e1za ..scrunched..dod\u00e1va pokr\u010den\u00fd dizajn<br \/>\nV\u00fd\u0161ka 21 cm <\/p>","protected":false},"featured_media":3996,"comment_status":"open","ping_status":"closed","template":"","meta":{"_et_pb_use_builder":"","_et_pb_old_content":"","_et_gb_content_width":"","iawp_total_views":7},"product_brand":[],"product_cat":[44,31],"product_tag":[228],"class_list":{"0":"post-3992","1":"product","2":"type-product","3":"status-publish","4":"has-post-thumbnail","6":"product_cat-vazy","7":"product_cat-dekoracie","8":"product_tag-vaza","10":"first","11":"instock","12":"sale","13":"purchasable","14":"product-type-variable"},"jetpack_sharing_enabled":true,"_links":{"self":[{"href":"https:\/\/www.3dprintrg.sk\/cz\/wp-json\/wp\/v2\/product\/3992","targetHints":{"allow":["GET"]}}],"collection":[{"href":"https:\/\/www.3dprintrg.sk\/cz\/wp-json\/wp\/v2\/product"}],"about":[{"href":"https:\/\/www.3dprintrg.sk\/cz\/wp-json\/wp\/v2\/types\/product"}],"replies":[{"embeddable":true,"href":"https:\/\/www.3dprintrg.sk\/cz\/wp-json\/wp\/v2\/comments?post=3992"}],"wp:featuredmedia":[{"embeddable":true,"href":"https:\/\/www.3dprintrg.sk\/cz\/wp-json\/wp\/v2\/media\/3996"}],"wp:attachment":[{"href":"https:\/\/www.3dprintrg.sk\/cz\/wp-json\/wp\/v2\/media?parent=3992"}],"wp:term":[{"taxonomy":"product_brand","embeddable":true,"href":"https:\/\/www.3dprintrg.sk\/cz\/wp-json\/wp\/v2\/product_brand?post=3992"},{"taxonomy":"product_cat","embeddable":true,"href":"https:\/\/www.3dprintrg.sk\/cz\/wp-json\/wp\/v2\/product_cat?post=3992"},{"taxonomy":"product_tag","embeddable":true,"href":"https:\/\/www.3dprintrg.sk\/cz\/wp-json\/wp\/v2\/product_tag?post=3992"}],"curies":[{"name":"wp","href":"https:\/\/api.w.org\/{rel}","templated":true}]}}