{"id":4025,"date":"2026-01-21T20:51:21","date_gmt":"2026-01-21T19:51:21","guid":{"rendered":"https:\/\/www.3dprintrg.sk\/?post_type=product&#038;p=4025"},"modified":"2026-01-21T20:54:50","modified_gmt":"2026-01-21T19:54:50","slug":"sada-zapichov-kpop","status":"publish","type":"product","link":"https:\/\/www.3dprintrg.sk\/cz\/produkt\/sada-zapichov-kpop\/","title":{"rendered":"Sada z\u00e1pichov Kpop"},"content":{"rendered":"<p>Sada z\u00e1pichov Kpop demon hunters<br \/>\n-farebn\u00fd z\u00e1pich s menom<br \/>\nfoton\u00e1lepka na plastovom podklade<br \/>\n-zrkadlove strieborn\u00e9 \u010d\u00edslo na predok torty<br \/>\n-disko gule 12 ks v striebornej a slabu\u010dko fialovej farbe <\/p>\n<p>Dekor\u00e1cia je vyroben\u00e1 z PLA plastu,plast je vyroben\u00fd z obnovite\u013en\u00fdch zdrojov, ako je kukuri\u010dn\u00fd \u0161krob, cukrov\u00e1 trstina alebo zemiakov\u00fd \u0161krob,PLA plast je netoxick\u00fd a bezpe\u010dn\u00fd na styk s potravinami.<\/p>","protected":false},"excerpt":{"rendered":"<p>Sada z\u00e1pichov Kpop demon hunters<br \/>\n-farebn\u00fd z\u00e1pich s menom<br \/>\nfoton\u00e1lepka na plastovom podklade<br \/>\n-zrkadlove strieborn\u00e9 \u010d\u00edslo na predok torty<br \/>\n-disko gule 12 ks v striebornej a slabu\u010dko fialovej farbe <\/p>","protected":false},"featured_media":4026,"comment_status":"open","ping_status":"closed","template":"","meta":{"_et_pb_use_builder":"","_et_pb_old_content":"","_et_gb_content_width":"","iawp_total_views":24},"product_brand":[],"product_cat":[25],"product_tag":[638,637],"class_list":{"0":"post-4025","1":"product","2":"type-product","3":"status-publish","4":"has-post-thumbnail","6":"product_cat-farebne-obrazkove-zapichy","7":"product_tag-demon-hunters","8":"product_tag-kpop","9":"wcpa_has_options","11":"first","12":"instock","13":"sale","14":"purchasable","15":"product-type-simple"},"jetpack_sharing_enabled":true,"_links":{"self":[{"href":"https:\/\/www.3dprintrg.sk\/cz\/wp-json\/wp\/v2\/product\/4025","targetHints":{"allow":["GET"]}}],"collection":[{"href":"https:\/\/www.3dprintrg.sk\/cz\/wp-json\/wp\/v2\/product"}],"about":[{"href":"https:\/\/www.3dprintrg.sk\/cz\/wp-json\/wp\/v2\/types\/product"}],"replies":[{"embeddable":true,"href":"https:\/\/www.3dprintrg.sk\/cz\/wp-json\/wp\/v2\/comments?post=4025"}],"wp:featuredmedia":[{"embeddable":true,"href":"https:\/\/www.3dprintrg.sk\/cz\/wp-json\/wp\/v2\/media\/4026"}],"wp:attachment":[{"href":"https:\/\/www.3dprintrg.sk\/cz\/wp-json\/wp\/v2\/media?parent=4025"}],"wp:term":[{"taxonomy":"product_brand","embeddable":true,"href":"https:\/\/www.3dprintrg.sk\/cz\/wp-json\/wp\/v2\/product_brand?post=4025"},{"taxonomy":"product_cat","embeddable":true,"href":"https:\/\/www.3dprintrg.sk\/cz\/wp-json\/wp\/v2\/product_cat?post=4025"},{"taxonomy":"product_tag","embeddable":true,"href":"https:\/\/www.3dprintrg.sk\/cz\/wp-json\/wp\/v2\/product_tag?post=4025"}],"curies":[{"name":"wp","href":"https:\/\/api.w.org\/{rel}","templated":true}]}}