{"id":4033,"date":"2026-01-24T13:02:24","date_gmt":"2026-01-24T12:02:24","guid":{"rendered":"https:\/\/www.3dprintrg.sk\/?post_type=product&#038;p=4033"},"modified":"2026-01-24T13:02:25","modified_gmt":"2026-01-24T12:02:25","slug":"velkonocna-zajacia-rodinka","status":"publish","type":"product","link":"https:\/\/www.3dprintrg.sk\/cz\/produkt\/velkonocna-zajacia-rodinka\/","title":{"rendered":"Ve\u013ekono\u010dn\u00e1 zaja\u010dia rodinka"},"content":{"rendered":"<p>Rodinn\u00fd set zaja\u010dikov<\/p>\n<p>Dekor\u00e1cia na ve\u013ek\u00fa noc<\/p>\n<p>-do pozn\u00e1mky si m\u00f4\u017eete nap\u00edsa\u0165 farbu ak si \u017eel\u00e1te in\u00fa ako je ru\u017eov\u00e1 a biela<\/p>\n<p>Dekor\u00e1cia je vyroben\u00e1 z PLA plastu,plast je vyroben\u00fd z obnovite\u013en\u00fdch zdrojov, ako je kukuri\u010dn\u00fd \u0161krob, cukrov\u00e1 trstina alebo zemiakov\u00fd \u0161krob,PLA plast je netoxick\u00fd a bezpe\u010dn\u00fd na styk s potravinami.<\/p>","protected":false},"excerpt":{"rendered":"<p>Rodinn\u00fd set zaja\u010dikov<\/p>\n<p>Dekor\u00e1cia na ve\u013ek\u00fa noc<\/p>\n<p>-do pozn\u00e1mky si m\u00f4\u017eete nap\u00edsa\u0165 farbu ak si \u017eel\u00e1te in\u00fa ako je ru\u017eov\u00e1 a biela<\/p>","protected":false},"featured_media":4044,"comment_status":"open","ping_status":"closed","template":"","meta":{"_et_pb_use_builder":"","_et_pb_old_content":"","_et_gb_content_width":"","iawp_total_views":48},"product_brand":[],"product_cat":[149],"product_tag":[640,639,604,67],"class_list":{"0":"post-4033","1":"product","2":"type-product","3":"status-publish","4":"has-post-thumbnail","6":"product_cat-velka-noc","7":"product_tag-rodinka","8":"product_tag-velka-noc","9":"product_tag-zajac","10":"product_tag-zajacik","11":"wcpa_has_options","13":"first","14":"instock","15":"sale","16":"purchasable","17":"product-type-variable"},"jetpack_sharing_enabled":true,"_links":{"self":[{"href":"https:\/\/www.3dprintrg.sk\/cz\/wp-json\/wp\/v2\/product\/4033","targetHints":{"allow":["GET"]}}],"collection":[{"href":"https:\/\/www.3dprintrg.sk\/cz\/wp-json\/wp\/v2\/product"}],"about":[{"href":"https:\/\/www.3dprintrg.sk\/cz\/wp-json\/wp\/v2\/types\/product"}],"replies":[{"embeddable":true,"href":"https:\/\/www.3dprintrg.sk\/cz\/wp-json\/wp\/v2\/comments?post=4033"}],"wp:featuredmedia":[{"embeddable":true,"href":"https:\/\/www.3dprintrg.sk\/cz\/wp-json\/wp\/v2\/media\/4044"}],"wp:attachment":[{"href":"https:\/\/www.3dprintrg.sk\/cz\/wp-json\/wp\/v2\/media?parent=4033"}],"wp:term":[{"taxonomy":"product_brand","embeddable":true,"href":"https:\/\/www.3dprintrg.sk\/cz\/wp-json\/wp\/v2\/product_brand?post=4033"},{"taxonomy":"product_cat","embeddable":true,"href":"https:\/\/www.3dprintrg.sk\/cz\/wp-json\/wp\/v2\/product_cat?post=4033"},{"taxonomy":"product_tag","embeddable":true,"href":"https:\/\/www.3dprintrg.sk\/cz\/wp-json\/wp\/v2\/product_tag?post=4033"}],"curies":[{"name":"wp","href":"https:\/\/api.w.org\/{rel}","templated":true}]}}