{"id":4066,"date":"2026-01-28T17:32:32","date_gmt":"2026-01-28T16:32:32","guid":{"rendered":"https:\/\/www.3dprintrg.sk\/?post_type=product&#038;p=4066"},"modified":"2026-01-28T17:32:33","modified_gmt":"2026-01-28T16:32:33","slug":"organizer-na-mejkap","status":"publish","type":"product","link":"https:\/\/www.3dprintrg.sk\/cz\/produkt\/organizer-na-mejkap\/","title":{"rendered":"Organiz\u00e9r na mejkap"},"content":{"rendered":"<p>Organiz\u00e9r na mejkap<br \/>\nVyskladaj si svoje ob\u013e\u00faben\u00e9 farby<\/p>\n<p>214 \u00d7 154 \u00d7 100 mm<\/p>","protected":false},"excerpt":{"rendered":"<p>Organiz\u00e9r na mejkap<br \/>\nVyskladaj si svoje ob\u013e\u00faben\u00e9 farby, nap\u00ed\u0161 do pozn\u00e1mky<br \/>\nNapr. spodn\u00e1 farba ..\u010dierna..<br \/>\nvrchn\u00e1 farba..ru\u017eov\u00e1..<\/p>\n<p>214 \u00d7 154 \u00d7 100 mm<\/p>","protected":false},"featured_media":4067,"comment_status":"open","ping_status":"closed","template":"","meta":{"_et_pb_use_builder":"","_et_pb_old_content":"","_et_gb_content_width":"","iawp_total_views":8},"product_brand":[],"product_cat":[31],"product_tag":[642],"class_list":{"0":"post-4066","1":"product","2":"type-product","3":"status-publish","4":"has-post-thumbnail","6":"product_cat-dekoracie","7":"product_tag-organizer-na-mejkap","8":"wcpa_has_options","10":"first","11":"instock","12":"sale","13":"purchasable","14":"product-type-simple"},"jetpack_sharing_enabled":true,"_links":{"self":[{"href":"https:\/\/www.3dprintrg.sk\/cz\/wp-json\/wp\/v2\/product\/4066","targetHints":{"allow":["GET"]}}],"collection":[{"href":"https:\/\/www.3dprintrg.sk\/cz\/wp-json\/wp\/v2\/product"}],"about":[{"href":"https:\/\/www.3dprintrg.sk\/cz\/wp-json\/wp\/v2\/types\/product"}],"replies":[{"embeddable":true,"href":"https:\/\/www.3dprintrg.sk\/cz\/wp-json\/wp\/v2\/comments?post=4066"}],"wp:featuredmedia":[{"embeddable":true,"href":"https:\/\/www.3dprintrg.sk\/cz\/wp-json\/wp\/v2\/media\/4067"}],"wp:attachment":[{"href":"https:\/\/www.3dprintrg.sk\/cz\/wp-json\/wp\/v2\/media?parent=4066"}],"wp:term":[{"taxonomy":"product_brand","embeddable":true,"href":"https:\/\/www.3dprintrg.sk\/cz\/wp-json\/wp\/v2\/product_brand?post=4066"},{"taxonomy":"product_cat","embeddable":true,"href":"https:\/\/www.3dprintrg.sk\/cz\/wp-json\/wp\/v2\/product_cat?post=4066"},{"taxonomy":"product_tag","embeddable":true,"href":"https:\/\/www.3dprintrg.sk\/cz\/wp-json\/wp\/v2\/product_tag?post=4066"}],"curies":[{"name":"wp","href":"https:\/\/api.w.org\/{rel}","templated":true}]}}