{"id":4117,"date":"2026-01-30T16:52:33","date_gmt":"2026-01-30T15:52:33","guid":{"rendered":"https:\/\/www.3dprintrg.sk\/?post_type=product&#038;p=4117"},"modified":"2026-02-02T16:21:17","modified_gmt":"2026-02-02T15:21:17","slug":"balonove-cislo","status":"publish","type":"product","link":"https:\/\/www.3dprintrg.sk\/cz\/produkt\/balonove-cislo\/","title":{"rendered":"Balonov\u00e9 \u010d\u00edslo"},"content":{"rendered":"<p>Balonov\u00e9 \u010d\u00edslo<br \/>\nV\u00fd\u0161ka 6 cm <\/p>\n<p>-nejedl\u00e1 dekor\u00e1cia<br \/>\n-cena je za 1 ks \u010d\u00edsla<\/p>\n<p>Dekor\u00e1cia je vyroben\u00e1 z PLA plastu,plast je vyroben\u00fd z obnovite\u013en\u00fdch zdrojov, ako je kukuri\u010dn\u00fd \u0161krob, cukrov\u00e1 trstina alebo zemiakov\u00fd \u0161krob,PLA plast je netoxick\u00fd a bezpe\u010dn\u00fd na styk s potravinami.<\/p>","protected":false},"excerpt":{"rendered":"<p>Balonov\u00e9 \u010d\u00edslo<br \/>\nV\u00fd\u0161ka 6 cm <\/p>\n<p>-nejedl\u00e1 dekor\u00e1cia<br \/>\n-cena je za 1 ks \u010d\u00edsla<\/p>","protected":false},"featured_media":4129,"comment_status":"open","ping_status":"closed","template":"","meta":{"_et_pb_use_builder":"","_et_pb_old_content":"","_et_gb_content_width":"","iawp_total_views":35},"product_brand":[],"product_cat":[21,22],"product_tag":[540,646,70],"class_list":{"0":"post-4117","1":"product","2":"type-product","3":"status-publish","4":"has-post-thumbnail","6":"product_cat-jednocisla","7":"product_cat-dvojcisla","8":"product_tag-balon","9":"product_tag-balonove-cislo","10":"product_tag-cislo","11":"wcpa_has_options","13":"first","14":"instock","15":"purchasable","16":"product-type-variable"},"jetpack_sharing_enabled":true,"_links":{"self":[{"href":"https:\/\/www.3dprintrg.sk\/cz\/wp-json\/wp\/v2\/product\/4117","targetHints":{"allow":["GET"]}}],"collection":[{"href":"https:\/\/www.3dprintrg.sk\/cz\/wp-json\/wp\/v2\/product"}],"about":[{"href":"https:\/\/www.3dprintrg.sk\/cz\/wp-json\/wp\/v2\/types\/product"}],"replies":[{"embeddable":true,"href":"https:\/\/www.3dprintrg.sk\/cz\/wp-json\/wp\/v2\/comments?post=4117"}],"wp:featuredmedia":[{"embeddable":true,"href":"https:\/\/www.3dprintrg.sk\/cz\/wp-json\/wp\/v2\/media\/4129"}],"wp:attachment":[{"href":"https:\/\/www.3dprintrg.sk\/cz\/wp-json\/wp\/v2\/media?parent=4117"}],"wp:term":[{"taxonomy":"product_brand","embeddable":true,"href":"https:\/\/www.3dprintrg.sk\/cz\/wp-json\/wp\/v2\/product_brand?post=4117"},{"taxonomy":"product_cat","embeddable":true,"href":"https:\/\/www.3dprintrg.sk\/cz\/wp-json\/wp\/v2\/product_cat?post=4117"},{"taxonomy":"product_tag","embeddable":true,"href":"https:\/\/www.3dprintrg.sk\/cz\/wp-json\/wp\/v2\/product_tag?post=4117"}],"curies":[{"name":"wp","href":"https:\/\/api.w.org\/{rel}","templated":true}]}}