{"id":4131,"date":"2026-01-30T16:57:48","date_gmt":"2026-01-30T15:57:48","guid":{"rendered":"https:\/\/www.3dprintrg.sk\/?post_type=product&#038;p=4131"},"modified":"2026-01-30T16:57:49","modified_gmt":"2026-01-30T15:57:49","slug":"dreveny-zapich-rybar","status":"publish","type":"product","link":"https:\/\/www.3dprintrg.sk\/cz\/produkt\/dreveny-zapich-rybar\/","title":{"rendered":"Dreven\u00fd z\u00e1pich ryb\u00e1r"},"content":{"rendered":"<p>Dreven\u00fd z\u00e1pich ryb\u00e1r s textom v\u0161etko najlep\u0161ie<br \/>\nRozmer cca 16 cm <\/p>","protected":false},"excerpt":{"rendered":"<p>Dreven\u00fd z\u00e1pich ryb\u00e1r s textom v\u0161etko najlep\u0161ie<br \/>\nRozmer cca 16 cm <\/p>","protected":false},"featured_media":4132,"comment_status":"open","ping_status":"closed","template":"","meta":{"_et_pb_use_builder":"","_et_pb_old_content":"","_et_gb_content_width":"","iawp_total_views":3},"product_brand":[],"product_cat":[281],"product_tag":[647,648],"class_list":{"0":"post-4131","1":"product","2":"type-product","3":"status-publish","4":"has-post-thumbnail","6":"product_cat-vyrobky-z-dreva","7":"product_tag-rybar","8":"product_tag-zapich-pre-rybara","10":"first","11":"instock","12":"purchasable","13":"product-type-simple"},"jetpack_sharing_enabled":true,"_links":{"self":[{"href":"https:\/\/www.3dprintrg.sk\/cz\/wp-json\/wp\/v2\/product\/4131","targetHints":{"allow":["GET"]}}],"collection":[{"href":"https:\/\/www.3dprintrg.sk\/cz\/wp-json\/wp\/v2\/product"}],"about":[{"href":"https:\/\/www.3dprintrg.sk\/cz\/wp-json\/wp\/v2\/types\/product"}],"replies":[{"embeddable":true,"href":"https:\/\/www.3dprintrg.sk\/cz\/wp-json\/wp\/v2\/comments?post=4131"}],"wp:featuredmedia":[{"embeddable":true,"href":"https:\/\/www.3dprintrg.sk\/cz\/wp-json\/wp\/v2\/media\/4132"}],"wp:attachment":[{"href":"https:\/\/www.3dprintrg.sk\/cz\/wp-json\/wp\/v2\/media?parent=4131"}],"wp:term":[{"taxonomy":"product_brand","embeddable":true,"href":"https:\/\/www.3dprintrg.sk\/cz\/wp-json\/wp\/v2\/product_brand?post=4131"},{"taxonomy":"product_cat","embeddable":true,"href":"https:\/\/www.3dprintrg.sk\/cz\/wp-json\/wp\/v2\/product_cat?post=4131"},{"taxonomy":"product_tag","embeddable":true,"href":"https:\/\/www.3dprintrg.sk\/cz\/wp-json\/wp\/v2\/product_tag?post=4131"}],"curies":[{"name":"wp","href":"https:\/\/api.w.org\/{rel}","templated":true}]}}