{"id":4136,"date":"2026-01-30T17:18:04","date_gmt":"2026-01-30T16:18:04","guid":{"rendered":"https:\/\/www.3dprintrg.sk\/?post_type=product&#038;p=4136"},"modified":"2026-01-30T17:18:05","modified_gmt":"2026-01-30T16:18:05","slug":"jednorozec","status":"publish","type":"product","link":"https:\/\/www.3dprintrg.sk\/cz\/produkt\/jednorozec\/","title":{"rendered":"Jednoro\u017eec"},"content":{"rendered":"<p>3D jednoro\u017eec <\/p>\n<p>V\u00fd\u0161ka cca 12 cm<br \/>\n-nejedl\u00e1 dekor\u00e1cia <\/p>\n<p>Dekor\u00e1cia je vyroben\u00e1 z PLA plastu,plast je vyroben\u00fd z obnovite\u013en\u00fdch zdrojov, ako je kukuri\u010dn\u00fd \u0161krob, cukrov\u00e1 trstina alebo zemiakov\u00fd \u0161krob,PLA plast je netoxick\u00fd a bezpe\u010dn\u00fd na styk s potravinami.<\/p>","protected":false},"excerpt":{"rendered":"<p>3D jednoro\u017eec <\/p>\n<p>V\u00fd\u0161ka cca 12 cm<br \/>\n-nejedl\u00e1 dekor\u00e1cia <\/p>","protected":false},"featured_media":4137,"comment_status":"open","ping_status":"closed","template":"","meta":{"_et_pb_use_builder":"","_et_pb_old_content":"","_et_gb_content_width":"","iawp_total_views":31},"product_brand":[],"product_cat":[77],"product_tag":[92,91],"class_list":{"0":"post-4136","1":"product","2":"type-product","3":"status-publish","4":"has-post-thumbnail","6":"product_cat-rozne","7":"product_tag-jednorozec","8":"product_tag-unicorn","10":"first","11":"instock","12":"purchasable","13":"product-type-simple"},"jetpack_sharing_enabled":true,"_links":{"self":[{"href":"https:\/\/www.3dprintrg.sk\/cz\/wp-json\/wp\/v2\/product\/4136","targetHints":{"allow":["GET"]}}],"collection":[{"href":"https:\/\/www.3dprintrg.sk\/cz\/wp-json\/wp\/v2\/product"}],"about":[{"href":"https:\/\/www.3dprintrg.sk\/cz\/wp-json\/wp\/v2\/types\/product"}],"replies":[{"embeddable":true,"href":"https:\/\/www.3dprintrg.sk\/cz\/wp-json\/wp\/v2\/comments?post=4136"}],"wp:featuredmedia":[{"embeddable":true,"href":"https:\/\/www.3dprintrg.sk\/cz\/wp-json\/wp\/v2\/media\/4137"}],"wp:attachment":[{"href":"https:\/\/www.3dprintrg.sk\/cz\/wp-json\/wp\/v2\/media?parent=4136"}],"wp:term":[{"taxonomy":"product_brand","embeddable":true,"href":"https:\/\/www.3dprintrg.sk\/cz\/wp-json\/wp\/v2\/product_brand?post=4136"},{"taxonomy":"product_cat","embeddable":true,"href":"https:\/\/www.3dprintrg.sk\/cz\/wp-json\/wp\/v2\/product_cat?post=4136"},{"taxonomy":"product_tag","embeddable":true,"href":"https:\/\/www.3dprintrg.sk\/cz\/wp-json\/wp\/v2\/product_tag?post=4136"}],"curies":[{"name":"wp","href":"https:\/\/api.w.org\/{rel}","templated":true}]}}