{"id":4153,"date":"2026-02-02T16:08:58","date_gmt":"2026-02-02T15:08:58","guid":{"rendered":"https:\/\/www.3dprintrg.sk\/?post_type=product&#038;p=4153"},"modified":"2026-02-02T16:08:59","modified_gmt":"2026-02-02T15:08:59","slug":"jedly-papier-wednesday","status":"publish","type":"product","link":"https:\/\/www.3dprintrg.sk\/cz\/produkt\/jedly-papier-wednesday\/","title":{"rendered":"Jedl\u00fd papier Wednesday"},"content":{"rendered":"<p>Wednesday na jedlom fondanovom papieri A4 <\/p>\n<p>Jedl\u00fd papier: Obr\u00e1zky vystrihnite a polo\u017ete na hotov\u00fa tortu, kt. vrchn\u00fa \u010das\u0165 m\u00f4\u017eete potrie\u0165 tenkou vrstvou maslov\u00e9ho kr\u00e9mu alebo jedl\u00fdm lepidlom.<\/p>\n<p>Zlo\u017eenie : Zemiakov\u00fd \u0161krob, voda, olivov\u00fd olej, ar\u00f3ma, E102, E122, E133, E151, maltodextr\u00edn, E422, E433, E414, E460i, E466, E202, E330, E955, E965, E460i a E466<\/p>\n<p>Vy\u017eivov\u00e9 hodnoty na 100g:<br \/>\nEnergia: 1376kj\/327kcal<br \/>\nTuky:0g<br \/>\nSacharidy:69g<br \/>\ncukry z toho :0,4g<br \/>\nsol:0,1g<br \/>\nSodik: 40g<\/p>\n<p>Vhodn\u00e9 pre vegetari\u00e1nov a veg\u00e1nov, bez lepku a orechov<br \/>\nBez lakt\u00f3zy, bez pridan\u00e9ho cukru,bez mlie\u010dnych bielkov\u00edn.<br \/>\nBez E171<\/p>\n<p>Skladujte na rovnej ploche, chladnom a suchom mieste mimo priameho slne\u010dn\u00e9ho \u017eiarenia.<br \/>\nTento jedl\u00fd papier OBSAHUJE F\u00d3LIU!<\/p>","protected":false},"excerpt":{"rendered":"<p>Wednesday na jedlom fond\u00e1novom papieri A4<\/p>\n<p>Tento jedl\u00fd papier nebsahuje E171 a je OBSAHUJE F\u00d3LIU!<\/p>","protected":false},"featured_media":4154,"comment_status":"open","ping_status":"closed","template":"","meta":{"_et_pb_use_builder":"","_et_pb_old_content":"","_et_gb_content_width":"","iawp_total_views":4},"product_brand":[],"product_cat":[431],"product_tag":[651],"class_list":{"0":"post-4153","1":"product","2":"type-product","3":"status-publish","4":"has-post-thumbnail","6":"product_cat-jedly-obrazok","7":"product_tag-wednesday","9":"first","10":"instock","11":"purchasable","12":"product-type-simple"},"jetpack_sharing_enabled":true,"_links":{"self":[{"href":"https:\/\/www.3dprintrg.sk\/cz\/wp-json\/wp\/v2\/product\/4153","targetHints":{"allow":["GET"]}}],"collection":[{"href":"https:\/\/www.3dprintrg.sk\/cz\/wp-json\/wp\/v2\/product"}],"about":[{"href":"https:\/\/www.3dprintrg.sk\/cz\/wp-json\/wp\/v2\/types\/product"}],"replies":[{"embeddable":true,"href":"https:\/\/www.3dprintrg.sk\/cz\/wp-json\/wp\/v2\/comments?post=4153"}],"wp:featuredmedia":[{"embeddable":true,"href":"https:\/\/www.3dprintrg.sk\/cz\/wp-json\/wp\/v2\/media\/4154"}],"wp:attachment":[{"href":"https:\/\/www.3dprintrg.sk\/cz\/wp-json\/wp\/v2\/media?parent=4153"}],"wp:term":[{"taxonomy":"product_brand","embeddable":true,"href":"https:\/\/www.3dprintrg.sk\/cz\/wp-json\/wp\/v2\/product_brand?post=4153"},{"taxonomy":"product_cat","embeddable":true,"href":"https:\/\/www.3dprintrg.sk\/cz\/wp-json\/wp\/v2\/product_cat?post=4153"},{"taxonomy":"product_tag","embeddable":true,"href":"https:\/\/www.3dprintrg.sk\/cz\/wp-json\/wp\/v2\/product_tag?post=4153"}],"curies":[{"name":"wp","href":"https:\/\/api.w.org\/{rel}","templated":true}]}}