{"id":4156,"date":"2026-02-02T19:40:24","date_gmt":"2026-02-02T18:40:24","guid":{"rendered":"https:\/\/www.3dprintrg.sk\/?post_type=product&#038;p=4156"},"modified":"2026-02-02T19:40:25","modified_gmt":"2026-02-02T18:40:25","slug":"narodeninovy-macko-s-tortickou","status":"publish","type":"product","link":"https:\/\/www.3dprintrg.sk\/cz\/produkt\/narodeninovy-macko-s-tortickou\/","title":{"rendered":"Narodeninov\u00fd macko s torti\u010dkou"},"content":{"rendered":"<p>Narodeninov\u00fd macko s torti\u010dkou \u010d\u00edslom a mot\u00fdlikmi<br \/>\n-nejedl\u00e1 dekor\u00e1cia<br \/>\nV\u00fd\u0161ka macika cca 12cm <\/p>\n<p>Dekor\u00e1cia je vyroben\u00e1 z PLA plastu,plast je vyroben\u00fd z obnovite\u013en\u00fdch zdrojov, ako je kukuri\u010dn\u00fd \u0161krob, cukrov\u00e1 trstina alebo zemiakov\u00fd \u0161krob,PLA plast je netoxick\u00fd a bezpe\u010dn\u00fd na styk s potravinami.<\/p>","protected":false},"excerpt":{"rendered":"<p>Narodeninov\u00fd macko s torti\u010dkou \u010d\u00edslom a mot\u00fdlikmi<br \/>\n-nejedl\u00e1 dekor\u00e1cia<br \/>\nV\u00fd\u0161ka macika cca 12cm <\/p>","protected":false},"featured_media":4157,"comment_status":"open","ping_status":"closed","template":"","meta":{"_et_pb_use_builder":"","_et_pb_old_content":"","_et_gb_content_width":"","iawp_total_views":77},"product_brand":[],"product_cat":[77],"product_tag":[70,502,652],"class_list":{"0":"post-4156","1":"product","2":"type-product","3":"status-publish","4":"has-post-thumbnail","6":"product_cat-rozne","7":"product_tag-cislo","8":"product_tag-macko","9":"product_tag-torta","10":"wcpa_has_options","12":"first","13":"instock","14":"sale","15":"purchasable","16":"product-type-simple"},"jetpack_sharing_enabled":true,"_links":{"self":[{"href":"https:\/\/www.3dprintrg.sk\/cz\/wp-json\/wp\/v2\/product\/4156","targetHints":{"allow":["GET"]}}],"collection":[{"href":"https:\/\/www.3dprintrg.sk\/cz\/wp-json\/wp\/v2\/product"}],"about":[{"href":"https:\/\/www.3dprintrg.sk\/cz\/wp-json\/wp\/v2\/types\/product"}],"replies":[{"embeddable":true,"href":"https:\/\/www.3dprintrg.sk\/cz\/wp-json\/wp\/v2\/comments?post=4156"}],"wp:featuredmedia":[{"embeddable":true,"href":"https:\/\/www.3dprintrg.sk\/cz\/wp-json\/wp\/v2\/media\/4157"}],"wp:attachment":[{"href":"https:\/\/www.3dprintrg.sk\/cz\/wp-json\/wp\/v2\/media?parent=4156"}],"wp:term":[{"taxonomy":"product_brand","embeddable":true,"href":"https:\/\/www.3dprintrg.sk\/cz\/wp-json\/wp\/v2\/product_brand?post=4156"},{"taxonomy":"product_cat","embeddable":true,"href":"https:\/\/www.3dprintrg.sk\/cz\/wp-json\/wp\/v2\/product_cat?post=4156"},{"taxonomy":"product_tag","embeddable":true,"href":"https:\/\/www.3dprintrg.sk\/cz\/wp-json\/wp\/v2\/product_tag?post=4156"}],"curies":[{"name":"wp","href":"https:\/\/api.w.org\/{rel}","templated":true}]}}