{"id":4161,"date":"2026-02-04T13:43:23","date_gmt":"2026-02-04T12:43:23","guid":{"rendered":"https:\/\/www.3dprintrg.sk\/?post_type=product&#038;p=4161"},"modified":"2026-02-04T13:43:24","modified_gmt":"2026-02-04T12:43:24","slug":"velkonocny-zajacik","status":"publish","type":"product","link":"https:\/\/www.3dprintrg.sk\/cz\/produkt\/velkonocny-zajacik\/","title":{"rendered":"Ve\u013ekono\u010dn\u00fd zaja\u010dik"},"content":{"rendered":"<p>Ve\u013ekono\u010dn\u00fd zaja\u010dik vo v\u00fd\u0161ke 19 cm <\/p>\n<p>Dekor\u00e1cia na ve\u013ek\u00fa noc <\/p>\n<p>Dekor\u00e1cia je vyroben\u00e1 z PLA plastu,plast je vyroben\u00fd z obnovite\u013en\u00fdch zdrojov, ako je kukuri\u010dn\u00fd \u0161krob, cukrov\u00e1 trstina alebo zemiakov\u00fd \u0161krob,PLA plast je netoxick\u00fd a bezpe\u010dn\u00fd na styk s potravinami.<\/p>","protected":false},"excerpt":{"rendered":"<p>Ve\u013ekono\u010dn\u00fd zaja\u010dik vo v\u00fd\u0161ke 19 cm <\/p>\n<p>Dekor\u00e1cia na ve\u013ek\u00fa noc <\/p>","protected":false},"featured_media":4170,"comment_status":"open","ping_status":"closed","template":"","meta":{"_et_pb_use_builder":"","_et_pb_old_content":"","_et_gb_content_width":"","iawp_total_views":56},"product_brand":[],"product_cat":[149],"product_tag":[355,639,67],"class_list":{"0":"post-4161","1":"product","2":"type-product","3":"status-publish","4":"has-post-thumbnail","6":"product_cat-velka-noc","7":"product_tag-dekoracia","8":"product_tag-velka-noc","9":"product_tag-zajacik","11":"first","12":"instock","13":"purchasable","14":"product-type-variable"},"jetpack_sharing_enabled":true,"_links":{"self":[{"href":"https:\/\/www.3dprintrg.sk\/cz\/wp-json\/wp\/v2\/product\/4161","targetHints":{"allow":["GET"]}}],"collection":[{"href":"https:\/\/www.3dprintrg.sk\/cz\/wp-json\/wp\/v2\/product"}],"about":[{"href":"https:\/\/www.3dprintrg.sk\/cz\/wp-json\/wp\/v2\/types\/product"}],"replies":[{"embeddable":true,"href":"https:\/\/www.3dprintrg.sk\/cz\/wp-json\/wp\/v2\/comments?post=4161"}],"wp:featuredmedia":[{"embeddable":true,"href":"https:\/\/www.3dprintrg.sk\/cz\/wp-json\/wp\/v2\/media\/4170"}],"wp:attachment":[{"href":"https:\/\/www.3dprintrg.sk\/cz\/wp-json\/wp\/v2\/media?parent=4161"}],"wp:term":[{"taxonomy":"product_brand","embeddable":true,"href":"https:\/\/www.3dprintrg.sk\/cz\/wp-json\/wp\/v2\/product_brand?post=4161"},{"taxonomy":"product_cat","embeddable":true,"href":"https:\/\/www.3dprintrg.sk\/cz\/wp-json\/wp\/v2\/product_cat?post=4161"},{"taxonomy":"product_tag","embeddable":true,"href":"https:\/\/www.3dprintrg.sk\/cz\/wp-json\/wp\/v2\/product_tag?post=4161"}],"curies":[{"name":"wp","href":"https:\/\/api.w.org\/{rel}","templated":true}]}}