{"id":4177,"date":"2026-02-04T18:54:52","date_gmt":"2026-02-04T17:54:52","guid":{"rendered":"https:\/\/www.3dprintrg.sk\/?post_type=product&#038;p=4177"},"modified":"2026-02-04T18:54:53","modified_gmt":"2026-02-04T17:54:53","slug":"texturovaci-valcek-drevo","status":"publish","type":"product","link":"https:\/\/www.3dprintrg.sk\/cz\/produkt\/texturovaci-valcek-drevo\/","title":{"rendered":"Text\u00farovac\u00ed val\u010dek-drevo"},"content":{"rendered":"<p>Detailne prepracovan\u00fd val\u010dek ur\u010den\u00fd na po\u0165ahov\u00fa hmotu<br \/>\n-text\u00fara dreva<br \/>\n-cukr\u00e1rske hmoty<\/p>\n<p>V\u00fd\u0161ka val\u010deka 13 cm<\/p>\n<p>Dekor\u00e1cia je vyroben\u00e1 z PLA plastu,plast je vyroben\u00fd z obnovite\u013en\u00fdch zdrojov, ako je kukuri\u010dn\u00fd \u0161krob, cukrov\u00e1 trstina alebo zemiakov\u00fd \u0161krob,PLA plast je netoxick\u00fd a bezpe\u010dn\u00fd na styk s potravinami.<\/p>","protected":false},"excerpt":{"rendered":"<p>Detailne prepracovan\u00fd val\u010dek ur\u010den\u00fd na po\u0165ahov\u00fa hmotu<br \/>\n-text\u00fara dreva<br \/>\n-cukr\u00e1rske hmoty<\/p>\n<p>V\u00fd\u0161ka val\u010deka 13 cm<\/p>","protected":false},"featured_media":4178,"comment_status":"open","ping_status":"closed","template":"","meta":{"_et_pb_use_builder":"","_et_pb_old_content":"","_et_gb_content_width":"","iawp_total_views":7},"product_brand":[],"product_cat":[15],"product_tag":[655,588,656,653],"class_list":{"0":"post-4177","1":"product","2":"type-product","3":"status-publish","4":"has-post-thumbnail","6":"product_cat-vykrajovacky","7":"product_tag-drevo","8":"product_tag-forma","9":"product_tag-textura","10":"product_tag-texturovaci-valcek","12":"first","13":"instock","14":"purchasable","15":"product-type-simple"},"jetpack_sharing_enabled":true,"_links":{"self":[{"href":"https:\/\/www.3dprintrg.sk\/cz\/wp-json\/wp\/v2\/product\/4177","targetHints":{"allow":["GET"]}}],"collection":[{"href":"https:\/\/www.3dprintrg.sk\/cz\/wp-json\/wp\/v2\/product"}],"about":[{"href":"https:\/\/www.3dprintrg.sk\/cz\/wp-json\/wp\/v2\/types\/product"}],"replies":[{"embeddable":true,"href":"https:\/\/www.3dprintrg.sk\/cz\/wp-json\/wp\/v2\/comments?post=4177"}],"wp:featuredmedia":[{"embeddable":true,"href":"https:\/\/www.3dprintrg.sk\/cz\/wp-json\/wp\/v2\/media\/4178"}],"wp:attachment":[{"href":"https:\/\/www.3dprintrg.sk\/cz\/wp-json\/wp\/v2\/media?parent=4177"}],"wp:term":[{"taxonomy":"product_brand","embeddable":true,"href":"https:\/\/www.3dprintrg.sk\/cz\/wp-json\/wp\/v2\/product_brand?post=4177"},{"taxonomy":"product_cat","embeddable":true,"href":"https:\/\/www.3dprintrg.sk\/cz\/wp-json\/wp\/v2\/product_cat?post=4177"},{"taxonomy":"product_tag","embeddable":true,"href":"https:\/\/www.3dprintrg.sk\/cz\/wp-json\/wp\/v2\/product_tag?post=4177"}],"curies":[{"name":"wp","href":"https:\/\/api.w.org\/{rel}","templated":true}]}}