{"id":4196,"date":"2026-02-05T19:32:41","date_gmt":"2026-02-05T18:32:41","guid":{"rendered":"https:\/\/www.3dprintrg.sk\/?post_type=product&#038;p=4196"},"modified":"2026-02-05T19:32:43","modified_gmt":"2026-02-05T18:32:43","slug":"kalich","status":"publish","type":"product","link":"https:\/\/www.3dprintrg.sk\/cz\/produkt\/kalich\/","title":{"rendered":"Kalich"},"content":{"rendered":"<p>3D kalich na prij\u00edmanie<br \/>\nV\u00fd\u0161ka 7 cm<br \/>\n-nejedl\u00e1 dekor\u00e1cia <\/p>\n<p>Dekor\u00e1cia je vyroben\u00e1 z PLA plastu,plast je vyroben\u00fd z obnovite\u013en\u00fdch zdrojov, ako je kukuri\u010dn\u00fd \u0161krob, cukrov\u00e1 trstina alebo zemiakov\u00fd \u0161krob,PLA plast je netoxick\u00fd a bezpe\u010dn\u00fd na styk s potravinami.<\/p>","protected":false},"excerpt":{"rendered":"<p>3D kalich na prij\u00edmanie<br \/>\nV\u00fd\u0161ka 7 cm<br \/>\n-nejedl\u00e1 dekor\u00e1cia <\/p>","protected":false},"featured_media":4197,"comment_status":"open","ping_status":"closed","template":"","meta":{"_et_pb_use_builder":"","_et_pb_old_content":"","_et_gb_content_width":"","iawp_total_views":20},"product_brand":[],"product_cat":[49,77],"product_tag":[355,344,257],"class_list":{"0":"post-4196","1":"product","2":"type-product","3":"status-publish","4":"has-post-thumbnail","6":"product_cat-prijimanie","7":"product_cat-rozne","8":"product_tag-dekoracia","9":"product_tag-kalich","10":"product_tag-prijimanie","12":"first","13":"instock","14":"purchasable","15":"product-type-simple"},"jetpack_sharing_enabled":true,"_links":{"self":[{"href":"https:\/\/www.3dprintrg.sk\/cz\/wp-json\/wp\/v2\/product\/4196","targetHints":{"allow":["GET"]}}],"collection":[{"href":"https:\/\/www.3dprintrg.sk\/cz\/wp-json\/wp\/v2\/product"}],"about":[{"href":"https:\/\/www.3dprintrg.sk\/cz\/wp-json\/wp\/v2\/types\/product"}],"replies":[{"embeddable":true,"href":"https:\/\/www.3dprintrg.sk\/cz\/wp-json\/wp\/v2\/comments?post=4196"}],"wp:featuredmedia":[{"embeddable":true,"href":"https:\/\/www.3dprintrg.sk\/cz\/wp-json\/wp\/v2\/media\/4197"}],"wp:attachment":[{"href":"https:\/\/www.3dprintrg.sk\/cz\/wp-json\/wp\/v2\/media?parent=4196"}],"wp:term":[{"taxonomy":"product_brand","embeddable":true,"href":"https:\/\/www.3dprintrg.sk\/cz\/wp-json\/wp\/v2\/product_brand?post=4196"},{"taxonomy":"product_cat","embeddable":true,"href":"https:\/\/www.3dprintrg.sk\/cz\/wp-json\/wp\/v2\/product_cat?post=4196"},{"taxonomy":"product_tag","embeddable":true,"href":"https:\/\/www.3dprintrg.sk\/cz\/wp-json\/wp\/v2\/product_tag?post=4196"}],"curies":[{"name":"wp","href":"https:\/\/api.w.org\/{rel}","templated":true}]}}