{"id":4211,"date":"2026-02-12T13:45:38","date_gmt":"2026-02-12T12:45:38","guid":{"rendered":"https:\/\/www.3dprintrg.sk\/?post_type=product&#038;p=4211"},"modified":"2026-02-12T13:45:39","modified_gmt":"2026-02-12T12:45:39","slug":"zlaty-zrkadlovy-zapich-na-prijimanie","status":"publish","type":"product","link":"https:\/\/www.3dprintrg.sk\/cz\/produkt\/zlaty-zrkadlovy-zapich-na-prijimanie\/","title":{"rendered":"Zlat\u00fd zrkadlov\u00fd z\u00e1pich na prij\u00edmanie"},"content":{"rendered":"<p>Zlat\u00fd zrkadlov\u00fd z\u00e1pich na 1.sv\u00e4t\u00e9 prij\u00edmanie<br \/>\n\u0160\u00edrka 14 cm <\/p>","protected":false},"excerpt":{"rendered":"<p>Zlat\u00fd zrkadlov\u00fd z\u00e1pich na 1.sv\u00e4t\u00e9 prij\u00edmanie<br \/>\n\u0160\u00edrka 14 cm <\/p>","protected":false},"featured_media":4212,"comment_status":"open","ping_status":"closed","template":"","meta":{"_et_pb_use_builder":"","_et_pb_old_content":"","_et_gb_content_width":"","iawp_total_views":12},"product_brand":[],"product_cat":[495,49],"product_tag":[257,496],"class_list":{"0":"post-4211","1":"product","2":"type-product","3":"status-publish","4":"has-post-thumbnail","6":"product_cat-zrkadlove-zapichy","7":"product_cat-prijimanie","8":"product_tag-prijimanie","9":"product_tag-zrkadlovy-zapich","11":"first","12":"instock","13":"purchasable","14":"product-type-simple"},"jetpack_sharing_enabled":true,"_links":{"self":[{"href":"https:\/\/www.3dprintrg.sk\/cz\/wp-json\/wp\/v2\/product\/4211","targetHints":{"allow":["GET"]}}],"collection":[{"href":"https:\/\/www.3dprintrg.sk\/cz\/wp-json\/wp\/v2\/product"}],"about":[{"href":"https:\/\/www.3dprintrg.sk\/cz\/wp-json\/wp\/v2\/types\/product"}],"replies":[{"embeddable":true,"href":"https:\/\/www.3dprintrg.sk\/cz\/wp-json\/wp\/v2\/comments?post=4211"}],"wp:featuredmedia":[{"embeddable":true,"href":"https:\/\/www.3dprintrg.sk\/cz\/wp-json\/wp\/v2\/media\/4212"}],"wp:attachment":[{"href":"https:\/\/www.3dprintrg.sk\/cz\/wp-json\/wp\/v2\/media?parent=4211"}],"wp:term":[{"taxonomy":"product_brand","embeddable":true,"href":"https:\/\/www.3dprintrg.sk\/cz\/wp-json\/wp\/v2\/product_brand?post=4211"},{"taxonomy":"product_cat","embeddable":true,"href":"https:\/\/www.3dprintrg.sk\/cz\/wp-json\/wp\/v2\/product_cat?post=4211"},{"taxonomy":"product_tag","embeddable":true,"href":"https:\/\/www.3dprintrg.sk\/cz\/wp-json\/wp\/v2\/product_tag?post=4211"}],"curies":[{"name":"wp","href":"https:\/\/api.w.org\/{rel}","templated":true}]}}