{"id":4215,"date":"2026-02-12T13:51:41","date_gmt":"2026-02-12T12:51:41","guid":{"rendered":"https:\/\/www.3dprintrg.sk\/?post_type=product&#038;p=4215"},"modified":"2026-02-12T13:52:05","modified_gmt":"2026-02-12T12:52:05","slug":"rosegold-zrkadlovy-kalich-na-prijimaniezzzzzzz","status":"publish","type":"product","link":"https:\/\/www.3dprintrg.sk\/cz\/produkt\/rosegold-zrkadlovy-kalich-na-prijimaniezzzzzzz\/","title":{"rendered":"ROSEGOLD zrkadlov\u00fd kalich na prijimanie"},"content":{"rendered":"<p>Zlat\u00fd ROSEGOLD zrkadlov\u00fd kalich na tortu \u2013 dokonal\u00e1 dekor\u00e1cia na prv\u00e9 sv\u00e4t\u00e9 prij\u00edmanie<br \/>\nV\u00fd\u0161ka 8 cm <\/p>","protected":false},"excerpt":{"rendered":"<p>Zlat\u00fd ROSEGOLD zrkadlov\u00fd kalich na tortu \u2013 dokonal\u00e1 dekor\u00e1cia na prv\u00e9 sv\u00e4t\u00e9 prij\u00edmanie<br \/>\nV\u00fd\u0161ka 8 cm <\/p>","protected":false},"featured_media":4216,"comment_status":"open","ping_status":"closed","template":"","meta":{"_et_pb_use_builder":"","_et_pb_old_content":"","_et_gb_content_width":"","iawp_total_views":5},"product_brand":[],"product_cat":[495,24,49],"product_tag":[344,257],"class_list":{"0":"post-4215","1":"product","2":"type-product","3":"status-publish","4":"has-post-thumbnail","6":"product_cat-zrkadlove-zapichy","7":"product_cat-cirkevne-zapichy","8":"product_cat-prijimanie","9":"product_tag-kalich","10":"product_tag-prijimanie","12":"first","13":"instock","14":"sale","15":"purchasable","16":"product-type-simple"},"jetpack_sharing_enabled":true,"_links":{"self":[{"href":"https:\/\/www.3dprintrg.sk\/cz\/wp-json\/wp\/v2\/product\/4215","targetHints":{"allow":["GET"]}}],"collection":[{"href":"https:\/\/www.3dprintrg.sk\/cz\/wp-json\/wp\/v2\/product"}],"about":[{"href":"https:\/\/www.3dprintrg.sk\/cz\/wp-json\/wp\/v2\/types\/product"}],"replies":[{"embeddable":true,"href":"https:\/\/www.3dprintrg.sk\/cz\/wp-json\/wp\/v2\/comments?post=4215"}],"wp:featuredmedia":[{"embeddable":true,"href":"https:\/\/www.3dprintrg.sk\/cz\/wp-json\/wp\/v2\/media\/4216"}],"wp:attachment":[{"href":"https:\/\/www.3dprintrg.sk\/cz\/wp-json\/wp\/v2\/media?parent=4215"}],"wp:term":[{"taxonomy":"product_brand","embeddable":true,"href":"https:\/\/www.3dprintrg.sk\/cz\/wp-json\/wp\/v2\/product_brand?post=4215"},{"taxonomy":"product_cat","embeddable":true,"href":"https:\/\/www.3dprintrg.sk\/cz\/wp-json\/wp\/v2\/product_cat?post=4215"},{"taxonomy":"product_tag","embeddable":true,"href":"https:\/\/www.3dprintrg.sk\/cz\/wp-json\/wp\/v2\/product_tag?post=4215"}],"curies":[{"name":"wp","href":"https:\/\/api.w.org\/{rel}","templated":true}]}}