{"id":4244,"date":"2026-02-21T09:46:11","date_gmt":"2026-02-21T08:46:11","guid":{"rendered":"https:\/\/www.3dprintrg.sk\/?post_type=product&#038;p=4244"},"modified":"2026-02-21T09:46:12","modified_gmt":"2026-02-21T08:46:12","slug":"vajicko-s-prekvapenim","status":"publish","type":"product","link":"https:\/\/www.3dprintrg.sk\/cz\/produkt\/vajicko-s-prekvapenim\/","title":{"rendered":"Vaj\u00ed\u010dko s prekvapen\u00edm"},"content":{"rendered":"<p>Vaj\u00ed\u010dko ktor\u00e9 v sebe uk\u00fdva prekvapenie v podobe r\u00f4znych k\u013eu\u010deniek<br \/>\nVaj\u00ed\u010dko mus\u00edte silou r\u00fak rozbi\u0165 aby ste odhalili prekvapenie.<br \/>\n-r\u00f4zne k\u013eu\u010denky ako napr\u00edklad srdie\u010dko, futbalov\u00e1 lopta, smajlik&#8230;. <\/p>","protected":false},"excerpt":{"rendered":"<p>Vaj\u00ed\u010dko ktor\u00e9 v sebe uk\u00fdva prekvapenie v podobe r\u00f4znych k\u013eu\u010deniek<br \/>\nVaj\u00ed\u010dko mus\u00edte silou r\u00fak rozbi\u0165 aby ste odhalili prekvapenie.<br \/>\n-r\u00f4zne k\u013eu\u010denky ako napr\u00edklad srdie\u010dko, futbalov\u00e1 lopta, smajlik&#8230;. <\/p>","protected":false},"featured_media":4245,"comment_status":"open","ping_status":"closed","template":"","meta":{"_et_pb_use_builder":"","_et_pb_old_content":"","_et_gb_content_width":"","iawp_total_views":8},"product_brand":[],"product_cat":[149],"product_tag":[666,185,667],"class_list":{"0":"post-4244","1":"product","2":"type-product","3":"status-publish","4":"has-post-thumbnail","6":"product_cat-velka-noc","7":"product_tag-rozbite-vajicko","8":"product_tag-vajicko","9":"product_tag-vajicko-s-prekvapenim","11":"first","12":"instock","13":"sale","14":"purchasable","15":"product-type-simple"},"jetpack_sharing_enabled":true,"_links":{"self":[{"href":"https:\/\/www.3dprintrg.sk\/cz\/wp-json\/wp\/v2\/product\/4244","targetHints":{"allow":["GET"]}}],"collection":[{"href":"https:\/\/www.3dprintrg.sk\/cz\/wp-json\/wp\/v2\/product"}],"about":[{"href":"https:\/\/www.3dprintrg.sk\/cz\/wp-json\/wp\/v2\/types\/product"}],"replies":[{"embeddable":true,"href":"https:\/\/www.3dprintrg.sk\/cz\/wp-json\/wp\/v2\/comments?post=4244"}],"wp:featuredmedia":[{"embeddable":true,"href":"https:\/\/www.3dprintrg.sk\/cz\/wp-json\/wp\/v2\/media\/4245"}],"wp:attachment":[{"href":"https:\/\/www.3dprintrg.sk\/cz\/wp-json\/wp\/v2\/media?parent=4244"}],"wp:term":[{"taxonomy":"product_brand","embeddable":true,"href":"https:\/\/www.3dprintrg.sk\/cz\/wp-json\/wp\/v2\/product_brand?post=4244"},{"taxonomy":"product_cat","embeddable":true,"href":"https:\/\/www.3dprintrg.sk\/cz\/wp-json\/wp\/v2\/product_cat?post=4244"},{"taxonomy":"product_tag","embeddable":true,"href":"https:\/\/www.3dprintrg.sk\/cz\/wp-json\/wp\/v2\/product_tag?post=4244"}],"curies":[{"name":"wp","href":"https:\/\/api.w.org\/{rel}","templated":true}]}}