{"id":4253,"date":"2026-02-21T09:58:36","date_gmt":"2026-02-21T08:58:36","guid":{"rendered":"https:\/\/www.3dprintrg.sk\/?post_type=product&#038;p=4253"},"modified":"2026-02-23T14:22:53","modified_gmt":"2026-02-23T13:22:53","slug":"topanocky-na-krstiny","status":"publish","type":"product","link":"https:\/\/www.3dprintrg.sk\/cz\/produkt\/topanocky-na-krstiny\/","title":{"rendered":"Top\u00e1no\u010dky na krstiny"},"content":{"rendered":"<p>Dekora\u010dn\u00e9 top\u00e1no\u010dky na krstinov\u00fa tortu<br \/>\n-rozmer 6,5 cm <\/p>\n<p>Dekor\u00e1cia je vyroben\u00e1 z PLA plastu,plast je vyroben\u00fd z obnovite\u013en\u00fdch zdrojov, ako je kukuri\u010dn\u00fd \u0161krob, cukrov\u00e1 trstina alebo zemiakov\u00fd \u0161krob,PLA plast je netoxick\u00fd a bezpe\u010dn\u00fd na styk s potravinami<\/p>\n<p>-made with aurapol <\/p>","protected":false},"excerpt":{"rendered":"<p>Dekora\u010dn\u00e9 top\u00e1no\u010dky na krstinov\u00fa tortu<br \/>\n-rozmer 6,5 cm <\/p>","protected":false},"featured_media":4257,"comment_status":"open","ping_status":"closed","template":"","meta":{"_et_pb_use_builder":"","_et_pb_old_content":"","_et_gb_content_width":"","iawp_total_views":10},"product_brand":[],"product_cat":[48,77],"product_tag":[355,517,326,669],"class_list":{"0":"post-4253","1":"product","2":"type-product","3":"status-publish","4":"has-post-thumbnail","6":"product_cat-krstiny","7":"product_cat-rozne","8":"product_tag-dekoracia","9":"product_tag-krstiny","10":"product_tag-topanky","11":"product_tag-topanocky","13":"first","14":"instock","15":"purchasable","16":"product-type-variable"},"jetpack_sharing_enabled":true,"_links":{"self":[{"href":"https:\/\/www.3dprintrg.sk\/cz\/wp-json\/wp\/v2\/product\/4253","targetHints":{"allow":["GET"]}}],"collection":[{"href":"https:\/\/www.3dprintrg.sk\/cz\/wp-json\/wp\/v2\/product"}],"about":[{"href":"https:\/\/www.3dprintrg.sk\/cz\/wp-json\/wp\/v2\/types\/product"}],"replies":[{"embeddable":true,"href":"https:\/\/www.3dprintrg.sk\/cz\/wp-json\/wp\/v2\/comments?post=4253"}],"wp:featuredmedia":[{"embeddable":true,"href":"https:\/\/www.3dprintrg.sk\/cz\/wp-json\/wp\/v2\/media\/4257"}],"wp:attachment":[{"href":"https:\/\/www.3dprintrg.sk\/cz\/wp-json\/wp\/v2\/media?parent=4253"}],"wp:term":[{"taxonomy":"product_brand","embeddable":true,"href":"https:\/\/www.3dprintrg.sk\/cz\/wp-json\/wp\/v2\/product_brand?post=4253"},{"taxonomy":"product_cat","embeddable":true,"href":"https:\/\/www.3dprintrg.sk\/cz\/wp-json\/wp\/v2\/product_cat?post=4253"},{"taxonomy":"product_tag","embeddable":true,"href":"https:\/\/www.3dprintrg.sk\/cz\/wp-json\/wp\/v2\/product_tag?post=4253"}],"curies":[{"name":"wp","href":"https:\/\/api.w.org\/{rel}","templated":true}]}}