{"id":4273,"date":"2026-02-24T14:31:00","date_gmt":"2026-02-24T13:31:00","guid":{"rendered":"https:\/\/www.3dprintrg.sk\/?post_type=product&#038;p=4273"},"modified":"2026-02-24T14:31:01","modified_gmt":"2026-02-24T13:31:01","slug":"zrkadlovy-zapich-na-krstiny","status":"publish","type":"product","link":"https:\/\/www.3dprintrg.sk\/cz\/produkt\/zrkadlovy-zapich-na-krstiny\/","title":{"rendered":"Zrkadlov\u00fd z\u00e1pich na krstiny"},"content":{"rendered":"<p>Kombinovan\u00fd zrkadlov\u00fd z\u00e1pich na krstiny<br \/>\nBiely kruh 15 cm je z bieleho leskl\u00e9ho akrylu doplnen\u00fd zlat\u00fdmi d\u00e1tumami a menom<\/p>","protected":false},"excerpt":{"rendered":"<p>Kombinovan\u00fd zrkadlov\u00fd z\u00e1pich na krstiny<br \/>\nBiely kruh 15 cm je z bieleho leskl\u00e9ho akrylu<\/p>","protected":false},"featured_media":4274,"comment_status":"open","ping_status":"closed","template":"","meta":{"_et_pb_use_builder":"","_et_pb_old_content":"","_et_gb_content_width":"","iawp_total_views":8},"product_brand":[],"product_cat":[495,24,48],"product_tag":[73,517,72],"class_list":{"0":"post-4273","1":"product","2":"type-product","3":"status-publish","4":"has-post-thumbnail","6":"product_cat-zrkadlove-zapichy","7":"product_cat-cirkevne-zapichy","8":"product_cat-krstiny","9":"product_tag-krstinovy-zapich","10":"product_tag-krstiny","11":"product_tag-zapich-na-krstiny","12":"wcpa_has_options","14":"first","15":"instock","16":"purchasable","17":"product-type-simple"},"jetpack_sharing_enabled":true,"_links":{"self":[{"href":"https:\/\/www.3dprintrg.sk\/cz\/wp-json\/wp\/v2\/product\/4273","targetHints":{"allow":["GET"]}}],"collection":[{"href":"https:\/\/www.3dprintrg.sk\/cz\/wp-json\/wp\/v2\/product"}],"about":[{"href":"https:\/\/www.3dprintrg.sk\/cz\/wp-json\/wp\/v2\/types\/product"}],"replies":[{"embeddable":true,"href":"https:\/\/www.3dprintrg.sk\/cz\/wp-json\/wp\/v2\/comments?post=4273"}],"wp:featuredmedia":[{"embeddable":true,"href":"https:\/\/www.3dprintrg.sk\/cz\/wp-json\/wp\/v2\/media\/4274"}],"wp:attachment":[{"href":"https:\/\/www.3dprintrg.sk\/cz\/wp-json\/wp\/v2\/media?parent=4273"}],"wp:term":[{"taxonomy":"product_brand","embeddable":true,"href":"https:\/\/www.3dprintrg.sk\/cz\/wp-json\/wp\/v2\/product_brand?post=4273"},{"taxonomy":"product_cat","embeddable":true,"href":"https:\/\/www.3dprintrg.sk\/cz\/wp-json\/wp\/v2\/product_cat?post=4273"},{"taxonomy":"product_tag","embeddable":true,"href":"https:\/\/www.3dprintrg.sk\/cz\/wp-json\/wp\/v2\/product_tag?post=4273"}],"curies":[{"name":"wp","href":"https:\/\/api.w.org\/{rel}","templated":true}]}}