{"id":4277,"date":"2026-02-24T14:42:19","date_gmt":"2026-02-24T13:42:19","guid":{"rendered":"https:\/\/www.3dprintrg.sk\/?post_type=product&#038;p=4277"},"modified":"2026-02-24T14:42:47","modified_gmt":"2026-02-24T13:42:47","slug":"kvetinac-cierno-biely","status":"publish","type":"product","link":"https:\/\/www.3dprintrg.sk\/cz\/produkt\/kvetinac-cierno-biely\/","title":{"rendered":"Kvetin\u00e1\u010d \u010dierno biely"},"content":{"rendered":"<p>Dizajnov\u00fd \u0161t\u00fdlov\u00fd \u010dierno biely kvetin\u00e1\u010d<br \/>\nVn\u00fatorn\u00fd priemer je 14 cm <\/p>\n<p>-made with aurapol <\/p>","protected":false},"excerpt":{"rendered":"<p>Dizajnov\u00fd \u0161t\u00fdlov\u00fd \u010dierno biely kvetin\u00e1\u010d<br \/>\nVn\u00fatorn\u00fd priemer je 14 cm <\/p>","protected":false},"featured_media":4278,"comment_status":"open","ping_status":"closed","template":"","meta":{"_et_pb_use_builder":"","_et_pb_old_content":"","_et_gb_content_width":"","iawp_total_views":2},"product_brand":[],"product_cat":[279,31],"product_tag":[224],"class_list":{"0":"post-4277","1":"product","2":"type-product","3":"status-publish","4":"has-post-thumbnail","6":"product_cat-kvetinace","7":"product_cat-dekoracie","8":"product_tag-kvetinac","10":"first","11":"instock","12":"purchasable","13":"product-type-simple"},"jetpack_sharing_enabled":true,"_links":{"self":[{"href":"https:\/\/www.3dprintrg.sk\/cz\/wp-json\/wp\/v2\/product\/4277","targetHints":{"allow":["GET"]}}],"collection":[{"href":"https:\/\/www.3dprintrg.sk\/cz\/wp-json\/wp\/v2\/product"}],"about":[{"href":"https:\/\/www.3dprintrg.sk\/cz\/wp-json\/wp\/v2\/types\/product"}],"replies":[{"embeddable":true,"href":"https:\/\/www.3dprintrg.sk\/cz\/wp-json\/wp\/v2\/comments?post=4277"}],"wp:featuredmedia":[{"embeddable":true,"href":"https:\/\/www.3dprintrg.sk\/cz\/wp-json\/wp\/v2\/media\/4278"}],"wp:attachment":[{"href":"https:\/\/www.3dprintrg.sk\/cz\/wp-json\/wp\/v2\/media?parent=4277"}],"wp:term":[{"taxonomy":"product_brand","embeddable":true,"href":"https:\/\/www.3dprintrg.sk\/cz\/wp-json\/wp\/v2\/product_brand?post=4277"},{"taxonomy":"product_cat","embeddable":true,"href":"https:\/\/www.3dprintrg.sk\/cz\/wp-json\/wp\/v2\/product_cat?post=4277"},{"taxonomy":"product_tag","embeddable":true,"href":"https:\/\/www.3dprintrg.sk\/cz\/wp-json\/wp\/v2\/product_tag?post=4277"}],"curies":[{"name":"wp","href":"https:\/\/api.w.org\/{rel}","templated":true}]}}