{"id":4296,"date":"2026-03-05T13:46:34","date_gmt":"2026-03-05T12:46:34","guid":{"rendered":"https:\/\/www.3dprintrg.sk\/?post_type=product&#038;p=4296"},"modified":"2026-03-05T13:46:35","modified_gmt":"2026-03-05T12:46:35","slug":"zajacik-so-srdieckom","status":"publish","type":"product","link":"https:\/\/www.3dprintrg.sk\/cz\/produkt\/zajacik-so-srdieckom\/","title":{"rendered":"Zaja\u010dik so srdie\u010dkom"},"content":{"rendered":"<p>Zaja\u010dik so srdie\u010dkom ako dekor\u00e1cia na ve\u013ek\u00fa noc<br \/>\nV\u00fd\u0161ka 12 cm <\/p>","protected":false},"excerpt":{"rendered":"<p>Zaja\u010dik so srdie\u010dkom ako dekor\u00e1cia na ve\u013ek\u00fa noc<br \/>\nV\u00fd\u0161ka 12 cm <\/p>\n<p>-do pozn\u00e1mky si nap\u00ed\u0161te farbu aku si \u017eel\u00e1te<\/p>","protected":false},"featured_media":4297,"comment_status":"open","ping_status":"closed","template":"","meta":{"_et_pb_use_builder":"","_et_pb_old_content":"","_et_gb_content_width":"","iawp_total_views":2},"product_brand":[],"product_cat":[149],"product_tag":[561,604,67,66],"class_list":{"0":"post-4296","1":"product","2":"type-product","3":"status-publish","4":"has-post-thumbnail","6":"product_cat-velka-noc","7":"product_tag-srdce","8":"product_tag-zajac","9":"product_tag-zajacik","10":"product_tag-zajko","11":"wcpa_has_options","13":"first","14":"instock","15":"purchasable","16":"product-type-simple"},"jetpack_sharing_enabled":true,"_links":{"self":[{"href":"https:\/\/www.3dprintrg.sk\/cz\/wp-json\/wp\/v2\/product\/4296","targetHints":{"allow":["GET"]}}],"collection":[{"href":"https:\/\/www.3dprintrg.sk\/cz\/wp-json\/wp\/v2\/product"}],"about":[{"href":"https:\/\/www.3dprintrg.sk\/cz\/wp-json\/wp\/v2\/types\/product"}],"replies":[{"embeddable":true,"href":"https:\/\/www.3dprintrg.sk\/cz\/wp-json\/wp\/v2\/comments?post=4296"}],"wp:featuredmedia":[{"embeddable":true,"href":"https:\/\/www.3dprintrg.sk\/cz\/wp-json\/wp\/v2\/media\/4297"}],"wp:attachment":[{"href":"https:\/\/www.3dprintrg.sk\/cz\/wp-json\/wp\/v2\/media?parent=4296"}],"wp:term":[{"taxonomy":"product_brand","embeddable":true,"href":"https:\/\/www.3dprintrg.sk\/cz\/wp-json\/wp\/v2\/product_brand?post=4296"},{"taxonomy":"product_cat","embeddable":true,"href":"https:\/\/www.3dprintrg.sk\/cz\/wp-json\/wp\/v2\/product_cat?post=4296"},{"taxonomy":"product_tag","embeddable":true,"href":"https:\/\/www.3dprintrg.sk\/cz\/wp-json\/wp\/v2\/product_tag?post=4296"}],"curies":[{"name":"wp","href":"https:\/\/api.w.org\/{rel}","templated":true}]}}