{"id":4309,"date":"2026-03-10T22:28:34","date_gmt":"2026-03-10T21:28:34","guid":{"rendered":"https:\/\/www.3dprintrg.sk\/?post_type=product&#038;p=4309"},"modified":"2026-03-10T22:28:35","modified_gmt":"2026-03-10T21:28:35","slug":"papierove-zapichy-frozen","status":"publish","type":"product","link":"https:\/\/www.3dprintrg.sk\/cz\/produkt\/papierove-zapichy-frozen\/","title":{"rendered":"Papierov\u00e9 z\u00e1pichy Frozen"},"content":{"rendered":"<p>Papierov\u00e9 z\u00e1pichy Frozen<br \/>\n-s menom a vekom dietata<\/p>","protected":false},"excerpt":{"rendered":"<p>Papierov\u00e9 z\u00e1pichy Frozen<br \/>\n-s menom a vekom dietata<\/p>","protected":false},"featured_media":4310,"comment_status":"open","ping_status":"closed","template":"","meta":{"_et_pb_use_builder":"","_et_pb_old_content":"","_et_gb_content_width":"","iawp_total_views":5},"product_brand":[],"product_cat":[26],"product_tag":[550,551],"class_list":{"0":"post-4309","1":"product","2":"type-product","3":"status-publish","4":"has-post-thumbnail","6":"product_cat-papierove-zapichy","7":"product_tag-elza","8":"product_tag-frozen","9":"wcpa_has_options","11":"first","12":"instock","13":"purchasable","14":"product-type-simple"},"jetpack_sharing_enabled":true,"_links":{"self":[{"href":"https:\/\/www.3dprintrg.sk\/cz\/wp-json\/wp\/v2\/product\/4309","targetHints":{"allow":["GET"]}}],"collection":[{"href":"https:\/\/www.3dprintrg.sk\/cz\/wp-json\/wp\/v2\/product"}],"about":[{"href":"https:\/\/www.3dprintrg.sk\/cz\/wp-json\/wp\/v2\/types\/product"}],"replies":[{"embeddable":true,"href":"https:\/\/www.3dprintrg.sk\/cz\/wp-json\/wp\/v2\/comments?post=4309"}],"wp:featuredmedia":[{"embeddable":true,"href":"https:\/\/www.3dprintrg.sk\/cz\/wp-json\/wp\/v2\/media\/4310"}],"wp:attachment":[{"href":"https:\/\/www.3dprintrg.sk\/cz\/wp-json\/wp\/v2\/media?parent=4309"}],"wp:term":[{"taxonomy":"product_brand","embeddable":true,"href":"https:\/\/www.3dprintrg.sk\/cz\/wp-json\/wp\/v2\/product_brand?post=4309"},{"taxonomy":"product_cat","embeddable":true,"href":"https:\/\/www.3dprintrg.sk\/cz\/wp-json\/wp\/v2\/product_cat?post=4309"},{"taxonomy":"product_tag","embeddable":true,"href":"https:\/\/www.3dprintrg.sk\/cz\/wp-json\/wp\/v2\/product_tag?post=4309"}],"curies":[{"name":"wp","href":"https:\/\/api.w.org\/{rel}","templated":true}]}}