{"id":4507,"date":"2026-04-16T11:26:46","date_gmt":"2026-04-16T09:26:46","guid":{"rendered":"https:\/\/www.3dprintrg.sk\/?post_type=product&#038;p=4507"},"modified":"2026-04-16T11:26:47","modified_gmt":"2026-04-16T09:26:47","slug":"zapich-na-tortu-sediaca-dama-4","status":"publish","type":"product","link":"https:\/\/www.3dprintrg.sk\/cz\/produkt\/zapich-na-tortu-sediaca-dama-4\/","title":{"rendered":"Z\u00e1pich na tortu sediaca d\u00e1ma"},"content":{"rendered":"<p data-end=\"363\" data-start=\"127\">Elegantn\u00fd z\u00e1pich na tortu v tvare \u017eenskej siluety je \u0161t\u00fdlovou dekor\u00e1ciou na narodeninov\u00e9 torty, d\u00e1mske oslavy, rozl\u00fa\u010dky so slobodou alebo glamour p\u00e1rty. Modern\u00fd \u010dierny dizajn p\u00f4sob\u00ed v\u00fdrazne a na torte kr\u00e1sne vynikne.<\/p>\n<p data-end=\"525\" data-start=\"365\">Z\u00e1pich je vyroben\u00fd z pevn\u00e9ho materi\u00e1lu a v\u010faka zapichovacej \u010dasti sa jednoducho umiestni do torty. Hod\u00ed sa ako efektn\u00fd doplnok na sl\u00e1vnostn\u00e9 aj tematick\u00e9 torty.<\/p>\n<p data-end=\"525\" data-start=\"365\">V\u00fd\u0161ka 12 cm bez zapichovaciej \u010dasti<\/p>\n<p data-end=\"525\" data-start=\"365\">Dekor\u00e1cia je vyroben\u00e1 z PLA plastu,plast je vyroben\u00fd z obnovite\u013en\u00fdch zdrojov, ako je kukuri\u010dn\u00fd \u0161krob, cukrov\u00e1 trstina alebo zemiakov\u00fd \u0161krob,PLA plast je netoxick\u00fd a bezpe\u010dn\u00fd na styk s potravinami.<\/p>","protected":false},"excerpt":{"rendered":"<p data-end=\"363\" data-start=\"127\">Elegantn\u00fd z\u00e1pich na tortu v tvare \u017eenskej siluety je \u0161t\u00fdlovou dekor\u00e1ciou na narodeninov\u00e9 torty, d\u00e1mske oslavy, rozl\u00fa\u010dky so slobodou alebo glamour p\u00e1rty. Modern\u00fd \u010dierny dizajn p\u00f4sob\u00ed v\u00fdrazne a na torte kr\u00e1sne vynikne.<\/p>\n<p data-end=\"525\" data-start=\"365\">Z\u00e1pich je vyroben\u00fd z pevn\u00e9ho materi\u00e1lu a v\u010faka zapichovacej \u010dasti sa jednoducho umiestni do torty. Hod\u00ed sa ako efektn\u00fd doplnok na sl\u00e1vnostn\u00e9 aj tematick\u00e9 torty.<\/p>\n<p data-end=\"525\" data-start=\"365\">V\u00fd\u0161ka 12 cm bez zapichovaciej \u010dasti<\/p>","protected":false},"featured_media":4508,"comment_status":"open","ping_status":"closed","template":"","meta":{"_et_pb_use_builder":"","_et_pb_old_content":"","_et_gb_content_width":"","iawp_total_views":3},"product_brand":[],"product_cat":[25,77],"product_tag":[695,700,83],"class_list":{"0":"post-4507","1":"product","2":"type-product","3":"status-publish","4":"has-post-thumbnail","6":"product_cat-farebne-obrazkove-zapichy","7":"product_cat-rozne","8":"product_tag-silueta-sediacej-damy","9":"product_tag-silueta-zeny","10":"product_tag-zapich-na-tortu","12":"first","13":"instock","14":"purchasable","15":"product-type-simple"},"jetpack_sharing_enabled":true,"_links":{"self":[{"href":"https:\/\/www.3dprintrg.sk\/cz\/wp-json\/wp\/v2\/product\/4507","targetHints":{"allow":["GET"]}}],"collection":[{"href":"https:\/\/www.3dprintrg.sk\/cz\/wp-json\/wp\/v2\/product"}],"about":[{"href":"https:\/\/www.3dprintrg.sk\/cz\/wp-json\/wp\/v2\/types\/product"}],"replies":[{"embeddable":true,"href":"https:\/\/www.3dprintrg.sk\/cz\/wp-json\/wp\/v2\/comments?post=4507"}],"wp:featuredmedia":[{"embeddable":true,"href":"https:\/\/www.3dprintrg.sk\/cz\/wp-json\/wp\/v2\/media\/4508"}],"wp:attachment":[{"href":"https:\/\/www.3dprintrg.sk\/cz\/wp-json\/wp\/v2\/media?parent=4507"}],"wp:term":[{"taxonomy":"product_brand","embeddable":true,"href":"https:\/\/www.3dprintrg.sk\/cz\/wp-json\/wp\/v2\/product_brand?post=4507"},{"taxonomy":"product_cat","embeddable":true,"href":"https:\/\/www.3dprintrg.sk\/cz\/wp-json\/wp\/v2\/product_cat?post=4507"},{"taxonomy":"product_tag","embeddable":true,"href":"https:\/\/www.3dprintrg.sk\/cz\/wp-json\/wp\/v2\/product_tag?post=4507"}],"curies":[{"name":"wp","href":"https:\/\/api.w.org\/{rel}","templated":true}]}}